{"id":3595,"date":"2023-02-20T12:55:53","date_gmt":"2023-02-20T11:55:53","guid":{"rendered":"https:\/\/rubyni.com\/gtcs"},"modified":"2025-07-10T10:08:28","modified_gmt":"2025-07-10T08:08:28","slug":"gtcs","status":"publish","type":"page","link":"https:\/\/rubyni.com\/en\/gtcs","title":{"rendered":"GTCs"},"content":{"rendered":"<p>[et_pb_section fb_built=&#8221;1&#8243; _builder_version=&#8221;4.21.0&#8243; _module_preset=&#8221;default&#8221; global_colors_info=&#8221;{}&#8221;][et_pb_row _builder_version=&#8221;4.21.0&#8243; _module_preset=&#8221;default&#8221; global_colors_info=&#8221;{}&#8221;][et_pb_column type=&#8221;4_4&#8243; _builder_version=&#8221;4.21.0&#8243; _module_preset=&#8221;default&#8221; global_colors_info=&#8221;{}&#8221;][et_pb_text _builder_version=&#8221;4.27.4&#8243; _module_preset=&#8221;default&#8221; hover_enabled=&#8221;0&#8243; global_colors_info=&#8221;{}&#8221; sticky_enabled=&#8221;0&#8243;]<\/p>\n<h1><strong>General terms and conditions and customer information<\/strong><\/h1>\n<p><\/p>\n<p><span style=\"font-size: 16px;\"><strong>I. General Terms and Conditions<\/strong><\/span><\/p>\n<p><\/p>\n<p><span style=\"font-size: 16px;\"><strong>\u00a7 1 Basic provisions<\/strong><\/span><\/p>\n<p><\/p>\n<p><span style=\"font-size: 14px;\"><strong>(1)<\/strong> The following terms and conditions apply to contracts that you conclude with us as a provider <strong>(BerryPharma GmbH)<\/strong> via the rubyni.com website. Unless otherwise agreed, the inclusion of any terms and conditions of your own used by you is contradicted.<br \/>\n<\/span><\/p>\n<p><\/p>\n<p><span style=\"font-size: 14px;\"><strong>(2)<\/strong> A consumer within the meaning of the following provisions is any natural person who enters into a legal transaction for purposes that can predominantly be attributed neither to his commercial nor to his independent professional activity. An entrepreneur is any natural or legal person or a partnership with legal capacity who, when concluding a legal transaction, acts in the exercise of his or her independent professional or commercial activity.<br \/>\n<\/span><\/p>\n<p><\/p>\n<p><span style=\"font-size: 16px;\"><strong>\u00a7 2 Conclusion of the contract<br \/>\n<\/strong><\/span><\/p>\n<p><\/p>\n<p><span style=\"font-size: 14px;\"><strong>(1)<\/strong> <\/span>The subject of the contract is the sale of goods.<\/p>\n<p><\/p>\n<p><span style=\"font-size: 14px;\"><strong>(2)<\/strong> Already with the placement of the respective product on our website, we submit a binding offer to conclude a contract via the online shopping cart system under the conditions stated in the item description.<br \/>\n<\/span><\/p>\n<p><\/p>\n<p><span style=\"font-size: 14px;\"><strong>(3)<\/strong> <\/span>The contract is concluded via the online shopping cart system as follows: The goods intended for purchase are placed in the &#8220;shopping cart&#8221;. You can call up the &#8220;shopping cart&#8221; via the corresponding button in the navigation bar and make changes there at any time.<br \/>\nAfter clicking the button &#8220;Checkout&#8221; or &#8220;Proceed to order&#8221; (or similar designation) and entering the personal data as well as the payment and shipping terms, the order data will finally be displayed to you as an order overview.<\/p>\n<p><\/p>\n<p><span style=\"font-size: 14px;\">If you use an instant payment system (e.g. PayPal (Express\/Plus\/Checkout), Amazon Pay, Sofort, giropay) as a payment method, you will either be redirected to the order overview page in our online store or to the website of the instant payment system provider.<br \/>\nIf you are redirected to the respective instant payment system, make the appropriate selection or enter your data there. Finally, on the website of the provider of the instant payment system or after you have been redirected back to our online store, the order data will be displayed as an order overview.<\/span><\/p>\n<p><\/p>\n<p><span style=\"font-size: 14px;\">Before sending the order, you have the possibility to check the information in the order overview again, to change it (also via the function &#8220;back&#8221; of the Internet browser) or to cancel the order.<\/span><\/p>\n<p><\/p>\n<div><span style=\"font-size: 14px;\">By sending the order via the corresponding button (&#8220;order with obligation to pay&#8221;, &#8220;buy&#8221; \/ &#8220;buy now&#8221;, &#8220;order with obligation to pay&#8221;, &#8220;pay&#8221; \/ &#8220;pay now&#8221; or similar designation) you declare the legally binding acceptance of the offer, whereby the contract is concluded.<\/span><\/div>\n<p><\/p>\n<p><span style=\"font-size: 14px;\"><strong>(4)<\/strong> The processing of the order and transmission of all information required in connection with the conclusion of the contract is partly automated by e-mail. You must therefore ensure that the e-mail address you have provided to us is correct, that the receipt of e-mails is technically ensured and, in particular, that it is not prevented by SPAM filters.<br \/>\n<\/span><\/p>\n<p><\/p>\n<p><strong><span style=\"font-size: 16px;\">\u00a7 3 Term of Contract \/ Termination for Subscription Contracts<\/span><\/strong><\/p>\n<p><\/p>\n<p><span style=\"font-size: 14px;\"><strong>(1)<\/strong> The subscription contract concluded between you and us has an indefinite term. The contract may be terminated by either party with one month&#8217;s notice to the end of the month (unless otherwise specified in the respective offer).<br \/>\n<\/span><\/p>\n<p><\/p>\n<p><span style=\"font-size: 14px;\"><strong>(2)<\/strong> The right to terminate without notice for good cause shall remain unaffected.<br \/>\n<\/span><\/p>\n<p><\/p>\n<p><strong style=\"font-size: 14px;\">(3)<\/strong><span style=\"font-size: 14px;\"> Any termination must be declared and transmitted either in text form (e.g. e-mail) or via the termination button integrated on our Internet presence (&#8220;Terminate contracts here&#8221; or similar designation).<br \/>\n<\/span><\/p>\n<p><\/p>\n<p><span style=\"font-size: 16px;\"><strong>\u00a7 4 Special agreements on payment methods offered<\/strong><\/span><\/p>\n<p><\/p>\n<p><span style=\"font-size: 14px;\"><strong style=\"font-size: 14px;\"><strong>(1)<\/strong> <\/strong><strong>SEPA Direct Debit<\/strong><br style=\"font-size: 14px;\" \/><br \/>\n<br \/>\n<\/span>When paying by SEPA direct debit, you authorize us by issuing a corresponding SEPA mandate to collect the invoice amount from the specified account.<br \/>\nThe direct debit will be collected within 1-7 days after conclusion of the contract.<br \/>\nThe period for sending the advance notice (pre-notification) is reduced to 5 days before the due date. You are obliged to ensure sufficient funds in your account on the due date. In the event of a return debit note due to your fault, you shall bear the bank charge incurred.<\/p>\n<p><\/p>\n<p><strong><span style=\"font-size: 14px;\">(2) <\/span><\/strong><span style=\"font-size: 14px;\"><strong>Payment via &#8220;PayPal&#8221; \/ &#8220;PayPal Checkout<\/strong><br \/>\nIf you select a payment method offered via &#8220;PayPal&#8221; \/ &#8220;PayPal Checkout&#8221;, the payment will be processed via the payment service provider PayPal (Europe) S.\u00e0.r.l. et Cie, S.C.A. (22-24 Boulevard Royal L-2449, Luxembourg; &#8220;PayPal&#8221;). The individual payment methods via &#8220;PayPal&#8221; are displayed to you under a correspondingly designated button on our Internet presence as well as in the online ordering process. For payment processing, &#8220;PayPal&#8221; may use other payment services; if special payment conditions apply, you will be informed of these separately. You can find more information about &#8220;PayPal&#8221; under <a href=\"https:\/\/www.paypal.com\/de\/webapps\/mpp\/ua\/legalhub-full\">https:\/\/www.paypal.com\/de\/webapps\/mpp\/ua\/legalhub-full<\/a>.<\/span><\/p>\n<p><\/p>\n<p><strong><span style=\"font-size: 16px;\">\u00a7 5 <\/span><\/strong><strong><span style=\"font-size: 16px;\">Right of retention, reservation of title<br \/>\n<\/span><\/strong><\/p>\n<p><\/p>\n<p><span style=\"font-size: 14px;\"><strong>(1)<\/strong> You may only exercise a right of retention insofar as it concerns claims from the same contractual relationship.<br \/>\n<\/span><\/p>\n<p><\/p>\n<p><span style=\"font-size: 14px;\"><strong>(2)<\/strong>\u00a0 The goods remain our property until full payment of the purchase price.<br \/>\n<\/span><\/p>\n<p><\/p>\n<p><strong><span style=\"font-size: 16px;\">\u00a7 6 Guarantee<br \/>\n<\/span><\/strong><\/p>\n<p><\/p>\n<p><span style=\"font-size: 14px;\"><strong>(1)\u00a0<\/strong>The statutory rights of liability for defects shall apply.<\/span><\/p>\n<p><\/p>\n<p><strong><span style=\"font-size: 14px;\">(2)<\/span><\/strong><span style=\"font-size: 14px;\"> As a consumer, you are requested to check the goods immediately upon delivery for completeness, obvious defects and transport damage and to notify us and the carrier of any complaints as soon as possible. If you do not comply with this, this has no effect on your statutory warranty claims.<br \/>\n<\/span><\/p>\n<p><\/p>\n<p><strong><span style=\"font-size: 14px;\">(3)\u00a0<\/span><\/strong>If a characteristic of the goods deviates from the objective requirements, the deviation shall only be deemed to be agreed if you were informed of the same by us before submitting the contractual declaration and the deviation was expressly and separately agreed between the contracting parties.<\/p>\n<p><\/p>\n<p><strong><span style=\"font-size: 16px;\">\u00a7 7 Choice of law, place of performance, place of jurisdiction<br \/>\n<\/span><\/strong><\/p>\n<p><\/p>\n<p><span style=\"font-size: 14px;\"><strong>(1)\u00a0 <\/strong>German law shall apply. In the case of consumers, this choice of law shall only apply to the extent that the protection granted by mandatory provisions of the law of the state of the consumer&#8217;s habitual residence is not withdrawn as a result (favorability principle).<br \/>\n<\/span><\/p>\n<p><\/p>\n<p><span style=\"font-size: 14px;\"><strong>(2)<\/strong>\u00a0 The place of performance for all services arising from the business relations with us as well as the place of jurisdiction shall be our registered office, insofar as you are not a consumer but a merchant, a legal entity under public law or a special fund under public law. The same shall apply if you do not have a general place of jurisdiction in Germany or the EU or if your place of residence or habitual abode is unknown at the time the action is brought. The right to also call upon the court at another legal place of jurisdiction remains unaffected by this.<br \/>\n<\/span><\/p>\n<p><\/p>\n<p><span style=\"font-size: 14px;\"><strong>(3)<\/strong>\u00a0 The provisions of the UN Convention on Contracts for the International Sale of Goods shall expressly not apply.<br \/>\n<\/span><\/p>\n<p><\/p>\n<hr \/>\n<p><\/p>\n<p><span style=\"font-size: 14px;\"><br \/>\n<strong><span style=\"font-size: 16px;\">II. Customer information<br \/>\n<\/span><\/strong><\/span><\/p>\n<p><\/p>\n<p><span style=\"font-size: 16px;\"><strong>1. Identity of the seller<br \/>\n<\/strong><\/span><\/p>\n<p><\/p>\n<p><span style=\"font-size: 14px;\"><span style=\"font-size: 14px;\"><span style=\"font-size: 14px;\"><span style=\"font-size: 14px;\">BerryPharma GmbH<\/span><\/span><\/span><br \/>\nWeidboden 1<br \/>\n83339 Chieming<br \/>\nGermany<br \/>\n<span style=\"font-size: 14px;\">phone: +49 86647568100<\/span><br \/>\nE-Mail: office@rubyni.com<\/span><\/p>\n<p><\/p>\n<p><span style=\"font-size: 14px;\"><strong>Consumer dispute resolution\/Universal arbitration board<\/strong><br \/>\nWe are not willing or obliged to participate in dispute resolution proceedings before a consumer arbitration board.<\/span><\/p>\n<p><\/p>\n<p><strong><span style=\"font-size: 16px;\">2. Information on the conclusion of the contract<br \/>\n<\/span><\/strong><\/p>\n<p><\/p>\n<p><span style=\"font-size: 14px;\">Die technischen Schritte zum Vertragsschluss, der Vertragsschluss selbst und die Korrekturm\u00f6glichkeiten erfolgen nach Ma\u00dfgabe der Regelungen &#8220;Zustandekommen des Vertrages&#8221; unserer Allgemeinen Gesch\u00e4ftsbedingungen (Teil I.).<\/span><\/p>\n<p><\/p>\n<p><span style=\"font-size: 16px;\"><strong>3. Contract language, contract text storage<br \/>\n<\/strong><\/span><\/p>\n<p><\/p>\n<p><span style=\"font-size: 14px;\">3.1. <\/span>Contract language is German.<\/p>\n<p><\/p>\n<p><span style=\"font-size: 14px;\">3.2. <\/span>The complete contract text is not stored by us. Before sending the order via the online shopping cart system, the contract data can be printed out or electronically saved using the print function of the browser. After receipt of the order by us, the order data, the legally required information for distance contracts and the General Terms and Conditions will be sent to you again by e-mail.<\/p>\n<p><\/p>\n<p><span style=\"font-size: 16px;\"><strong>4. codes of conduct<br \/>\n<\/strong><\/span><\/p>\n<p><\/p>\n<p><span style=\"font-size: 14px;\">4.1. We have submitted to the K\u00e4ufersiegel quality criteria of H\u00e4ndlerbund Management AG, which can be viewed at: <a href=\"https:\/\/www.haendlerbund.de\/de\/downloads\/kaeufersiegel\/kaeufersiegel-zertifizierungskriterien.pdf\" target=\"_blank\" rel=\"noopener\" data-saferedirecturl=\"https:\/\/www.google.com\/url?q=https:\/\/www.haendlerbund.de\/de\/downloads\/kaeufersiegel\/kaeufersiegel-zertifizierungskriterien.pdf&amp;source=gmail&amp;ust=1595571225131000&amp;usg=AFQjCNFe5mk3H_qoqXPKQq9eTI32jhhuHg\">https:\/\/www.haendlerbund.de\/<wbr \/>de\/downloads\/kaeufersiegel\/<wbr \/>kaeufersiegel-<wbr \/>zertifizierungskriterien.pdf<\/a>.<\/span><\/p>\n<p><\/p>\n<p><span style=\"font-size: 14px;\">4.2. We have submitted to the quality criteria of Trusted Shops GmbH, viewable at:\u00a0 <a href=\"https:\/\/www.trustedshops.com\/tsdocument\/TS_QUALITY_CRITERIA_de.pdf\">https:\/\/www.trustedshops.com\/tsdocument\/TS_QUALITY_CRITERIA_de.pdf<\/a><\/span><\/p>\n<p><\/p>\n<p><strong><span style=\"font-size: 16px;\">5. Essential characteristics of the goods or services<br \/>\n<\/span><\/strong><\/p>\n<p><\/p>\n<p><span style=\"font-size: 14px;\">The essential characteristics of the goods and\/or services can be found in the respective offer.<\/span><\/p>\n<p><\/p>\n<p><strong><span style=\"font-size: 16px;\">6. Prices and payment methods<br \/>\n<\/span><\/strong><\/p>\n<p><\/p>\n<p>6.1 The prices stated in the respective offers as well as the shipping costs represent total prices. They include all price components including all applicable taxes.<\/p>\n<p><\/p>\n<p>6.2 The shipping costs incurred are not included in the purchase price. They can be called up via a correspondingly designated button on our website or in the respective offer, are shown separately in the course of the ordering process and are to be borne by you in addition, unless free delivery has been promised.<\/p>\n<p><\/p>\n<p>6.3 If the delivery is made to countries outside the European Union, additional costs may arise for which we are not responsible, such as customs duties, taxes or money transfer fees (transfer or exchange rate fees of the credit institutions), which are to be borne by you.<\/p>\n<p><\/p>\n<p>6.4 Any costs incurred for the transfer of funds (transfer or exchange rate fees of the credit institutions) shall be borne by you in cases where the delivery is made to an EU member state but the payment was initiated outside the European Union.<\/p>\n<p><\/p>\n<p>6.5 The payment methods available to you are shown under a correspondingly designated button on our website or in the respective offer.<\/p>\n<p><\/p>\n<p>6.6 Unless otherwise stated in the individual payment methods, the payment claims arising from the concluded contract are due for payment immediately.<\/p>\n<p><\/p>\n<p>&nbsp;<\/p>\n<p><\/p>\n<p><strong><span style=\"font-size: 16px;\">7. Delivery conditions<br \/>\n<\/span><\/strong><\/p>\n<p><\/p>\n<p>7.1 The delivery conditions, the delivery date and any existing delivery restrictions can be found under a correspondingly designated button on our website or in the respective offer.<\/p>\n<p><\/p>\n<p>7.2 Insofar as you are a consumer, it is regulated by law that the risk of accidental loss and accidental deterioration of the sold item during shipment only passes to you upon handover of the goods, regardless of whether the shipment is insured or uninsured. This does not apply if you have independently commissioned a transport company not named by the entrepreneur or any other person designated to carry out the shipment.<\/p>\n<p><\/p>\n<p>&nbsp;<\/p>\n<p><\/p>\n<p><strong><span style=\"font-size: 16px;\">8. Legal liability for defects<br \/>\n<\/span><\/strong><\/p>\n<p><\/p>\n<p><span style=\"font-size: 14px;\">Die M\u00e4ngelhaftung richtet sich nach der Regelung &#8220;Gew\u00e4hrleistung&#8221; in unseren Allgemeinen Gesch\u00e4ftsbedingungen (Teil I). <\/span><\/p>\n<p><\/p>\n<p><strong><span style=\"font-size: 16px;\">9. Contract term \/ Termination<br \/>\n<\/span><\/strong><\/p>\n<p><\/p>\n<p>Information on the term of the contract as well as the terms of termination can be found in the regulation &#8220;Contract Term \/ Termination for Subscription Contracts&#8221; in our General Terms and Conditions (Part I), as well as in the respective offer.<\/p>\n<p><\/p>\n<p>These General Terms and Conditions and customer information have been prepared by H\u00e4ndlerbund lawyers specializing in IT law and are constantly checked for legal compliance. H\u00e4ndlerbund Management AG guarantees the legal security of the texts and is liable in the event of warnings. You can find more information on this at:<span style=\"font-size: 14px;\">\u00a0<a href=\"https:\/\/www.haendlerbund.de\/de\/leistungen\/rechtssicherheit\/agb-service\" target=\"_blank\" rel=\"noopener\" data-saferedirecturl=\"https:\/\/www.google.com\/url?q=https:\/\/www.haendlerbund.de\/de\/leistungen\/rechtssicherheit\/agb-service&amp;source=gmail&amp;ust=1595571225131000&amp;usg=AFQjCNFRXstfsBqXtZxEv0RC9XDgevh1EQ\">https:\/\/www.haendlerbund.de\/<wbr \/>de\/leistungen\/<wbr \/>rechtssicherheit\/agb-service<\/a>.<\/span><\/p>\n<p><\/p>\n<p><span style=\"font-size: 14px;\">last update: 29.11.2022<\/span><\/p>\n<p><\/p>\n<p>&nbsp;<\/p>\n<p>[\/et_pb_text][\/et_pb_column][\/et_pb_row][\/et_pb_section]<\/p>\n","protected":false},"excerpt":{"rendered":"<p>General terms and conditions and customer informationI. General Terms and Conditions\u00a7 1 Basic provisions(1) The following terms and conditions apply to contracts that you conclude with us as a provider (BerryPharma GmbH) via the rubyni.com website. Unless otherwise agreed, the inclusion of any terms and conditions of your own used by you is contradicted. (2) [&hellip;]<\/p>\n","protected":false},"author":1,"featured_media":0,"parent":0,"menu_order":0,"comment_status":"closed","ping_status":"closed","template":"page-no-header.php","meta":{"_et_pb_use_builder":"on","_et_pb_old_content":"","_et_gb_content_width":"","footnotes":""},"class_list":["post-3595","page","type-page","status-publish","hentry"],"yoast_head":"<!-- This site is optimized with the Yoast SEO Premium plugin v26.7 (Yoast SEO v26.7) - https:\/\/yoast.com\/wordpress\/plugins\/seo\/ -->\r\n<title>GTCs | rubyni\u00ae<\/title>\r\n<meta name=\"description\" content=\"General Terms and Conditions. General Terms and Conditions of Purchase and Delivery of BerryPharma GmbH\" \/>\r\n<meta name=\"robots\" content=\"index, follow, max-snippet:-1, max-image-preview:large, max-video-preview:-1\" \/>\r\n<link rel=\"canonical\" href=\"https:\/\/rubyni.com\/agb\" \/>\r\n<meta property=\"og:locale\" content=\"en_US\" \/>\r\n<meta property=\"og:type\" content=\"article\" \/>\r\n<meta property=\"og:title\" content=\"GTCs\" \/>\r\n<meta property=\"og:description\" content=\"General Terms and Conditions. General Terms and Conditions of Purchase and Delivery of BerryPharma GmbH\" \/>\r\n<meta property=\"og:url\" content=\"https:\/\/rubyni.com\/agb\" \/>\r\n<meta property=\"og:site_name\" content=\"rubyni\" \/>\r\n<meta property=\"article:modified_time\" content=\"2025-07-10T08:08:28+00:00\" \/>\r\n<meta name=\"twitter:card\" content=\"summary_large_image\" \/>\r\n<meta name=\"twitter:label1\" content=\"Est. reading time\" \/>\n\t<meta name=\"twitter:data1\" content=\"9 minutes\" \/>\r\n<script type=\"application\/ld+json\" class=\"yoast-schema-graph\">{\"@context\":\"https:\/\/schema.org\",\"@graph\":[{\"@type\":\"WebPage\",\"@id\":\"https:\/\/rubyni.com\/agb\",\"url\":\"https:\/\/rubyni.com\/agb\",\"name\":\"GTCs | rubyni\u00ae\",\"isPartOf\":{\"@id\":\"https:\/\/rubyni.com\/#website\"},\"datePublished\":\"2023-02-20T11:55:53+00:00\",\"dateModified\":\"2025-07-10T08:08:28+00:00\",\"description\":\"General Terms and Conditions. General Terms and Conditions of Purchase and Delivery of BerryPharma GmbH\",\"breadcrumb\":{\"@id\":\"https:\/\/rubyni.com\/agb#breadcrumb\"},\"inLanguage\":\"en-US\",\"potentialAction\":[{\"@type\":\"ReadAction\",\"target\":[\"https:\/\/rubyni.com\/agb\"]}]},{\"@type\":\"BreadcrumbList\",\"@id\":\"https:\/\/rubyni.com\/agb#breadcrumb\",\"itemListElement\":[{\"@type\":\"ListItem\",\"position\":1,\"name\":\"Startseite\",\"item\":\"https:\/\/rubyni.com\/en\"},{\"@type\":\"ListItem\",\"position\":2,\"name\":\"GTCs\"}]},{\"@type\":\"WebSite\",\"@id\":\"https:\/\/rubyni.com\/#website\",\"url\":\"https:\/\/rubyni.com\/\",\"name\":\"rubyni\",\"description\":\"\",\"potentialAction\":[{\"@type\":\"SearchAction\",\"target\":{\"@type\":\"EntryPoint\",\"urlTemplate\":\"https:\/\/rubyni.com\/?s={search_term_string}\"},\"query-input\":{\"@type\":\"PropertyValueSpecification\",\"valueRequired\":true,\"valueName\":\"search_term_string\"}}],\"inLanguage\":\"en-US\"}]}<\/script>\r\n<!-- \/ Yoast SEO Premium plugin. -->","yoast_head_json":{"title":"GTCs | rubyni\u00ae","description":"General Terms and Conditions. General Terms and Conditions of Purchase and Delivery of BerryPharma GmbH","robots":{"index":"index","follow":"follow","max-snippet":"max-snippet:-1","max-image-preview":"max-image-preview:large","max-video-preview":"max-video-preview:-1"},"canonical":"https:\/\/rubyni.com\/agb","og_locale":"en_US","og_type":"article","og_title":"GTCs","og_description":"General Terms and Conditions. General Terms and Conditions of Purchase and Delivery of BerryPharma GmbH","og_url":"https:\/\/rubyni.com\/agb","og_site_name":"rubyni","article_modified_time":"2025-07-10T08:08:28+00:00","twitter_card":"summary_large_image","twitter_misc":{"Est. reading time":"9 minutes"},"schema":{"@context":"https:\/\/schema.org","@graph":[{"@type":"WebPage","@id":"https:\/\/rubyni.com\/agb","url":"https:\/\/rubyni.com\/agb","name":"GTCs | rubyni\u00ae","isPartOf":{"@id":"https:\/\/rubyni.com\/#website"},"datePublished":"2023-02-20T11:55:53+00:00","dateModified":"2025-07-10T08:08:28+00:00","description":"General Terms and Conditions. General Terms and Conditions of Purchase and Delivery of BerryPharma GmbH","breadcrumb":{"@id":"https:\/\/rubyni.com\/agb#breadcrumb"},"inLanguage":"en-US","potentialAction":[{"@type":"ReadAction","target":["https:\/\/rubyni.com\/agb"]}]},{"@type":"BreadcrumbList","@id":"https:\/\/rubyni.com\/agb#breadcrumb","itemListElement":[{"@type":"ListItem","position":1,"name":"Startseite","item":"https:\/\/rubyni.com\/en"},{"@type":"ListItem","position":2,"name":"GTCs"}]},{"@type":"WebSite","@id":"https:\/\/rubyni.com\/#website","url":"https:\/\/rubyni.com\/","name":"rubyni","description":"","potentialAction":[{"@type":"SearchAction","target":{"@type":"EntryPoint","urlTemplate":"https:\/\/rubyni.com\/?s={search_term_string}"},"query-input":{"@type":"PropertyValueSpecification","valueRequired":true,"valueName":"search_term_string"}}],"inLanguage":"en-US"}]}},"_links":{"self":[{"href":"https:\/\/rubyni.com\/en\/wp-json\/wp\/v2\/pages\/3595","targetHints":{"allow":["GET"]}}],"collection":[{"href":"https:\/\/rubyni.com\/en\/wp-json\/wp\/v2\/pages"}],"about":[{"href":"https:\/\/rubyni.com\/en\/wp-json\/wp\/v2\/types\/page"}],"author":[{"embeddable":true,"href":"https:\/\/rubyni.com\/en\/wp-json\/wp\/v2\/users\/1"}],"replies":[{"embeddable":true,"href":"https:\/\/rubyni.com\/en\/wp-json\/wp\/v2\/comments?post=3595"}],"version-history":[{"count":4,"href":"https:\/\/rubyni.com\/en\/wp-json\/wp\/v2\/pages\/3595\/revisions"}],"predecessor-version":[{"id":11485,"href":"https:\/\/rubyni.com\/en\/wp-json\/wp\/v2\/pages\/3595\/revisions\/11485"}],"wp:attachment":[{"href":"https:\/\/rubyni.com\/en\/wp-json\/wp\/v2\/media?parent=3595"}],"curies":[{"name":"wp","href":"https:\/\/api.w.org\/{rel}","templated":true}]}}