{"id":8228,"date":"2024-11-05T12:27:11","date_gmt":"2024-11-05T11:27:11","guid":{"rendered":"https:\/\/rubyni.com\/good-for\/brain-nervous-system"},"modified":"2026-03-12T13:42:54","modified_gmt":"2026-03-12T12:42:54","slug":"brain-nervous-system","status":"publish","type":"page","link":"https:\/\/rubyni.com\/en\/good-for\/brain-nervous-system","title":{"rendered":"Brain &amp; Nervous System"},"content":{"rendered":"<p>[et_pb_section fb_built=&#8221;1&#8243; custom_padding_last_edited=&#8221;off|desktop&#8221; _builder_version=&#8221;4.27.2&#8243; _module_preset=&#8221;default&#8221; custom_margin=&#8221;0px||||false|false&#8221; custom_padding=&#8221;7rem||0px||false|false&#8221; custom_padding_tablet=&#8221;||0px||false|false&#8221; custom_padding_phone=&#8221;0px||0px||false|false&#8221; global_colors_info=&#8221;{}&#8221;][et_pb_row _builder_version=&#8221;4.27.2&#8243; _module_preset=&#8221;default&#8221; width_tablet=&#8221;100%&#8221; width_phone=&#8221;100%&#8221; width_last_edited=&#8221;on|tablet&#8221; global_colors_info=&#8221;{}&#8221;][et_pb_column type=&#8221;4_4&#8243; _builder_version=&#8221;4.20.0&#8243; _module_preset=&#8221;default&#8221; global_colors_info=&#8221;{}&#8221;][et_pb_text content_tablet=&#8221;<\/p>\n<h2 style=%22text-align: left;%22>rubyni<sup>\u00ae<\/sup>, das t\u00e4gliche Plus f\u00fcr Ihren K\u00f6rper<\/h2>\n<\/p>\n<p style=%22text-align: left;%22>Wir haben uns mit rubyni<sup>\u00ae<\/sup> ganz der Verarbeitung qualitativ hochwertiger Beeren und Fr\u00fcchte auf h\u00f6chstem Niveau verschrieben. Unsere Produkte leisten einen wertvollen, vielseitigen und rein nat\u00fcrlichen Beitrag zur Unterst\u00fctzung Ihrer normalen K\u00f6rperfunktionen. <\/p>\n<p>&#8221; content_phone=&#8221;<\/p>\n<h2 style=%22text-align: left;%22>rubyni<sup>\u00ae<\/sup>, das t\u00e4gliche Plus f\u00fcr Ihren K\u00f6rper<\/h2>\n<\/p>\n<p style=%22text-align: left;%22>Wir haben uns mit rubyni<sup>\u00ae<\/sup> ganz der Verarbeitung qualitativ hochwertiger Beeren und Fr\u00fcchte auf h\u00f6chstem Niveau verschrieben. Unsere Produkte leisten einen wertvollen, vielseitigen und rein nat\u00fcrlichen Beitrag zur Unterst\u00fctzung Ihrer normalen K\u00f6rperfunktionen. <\/p>\n<p>&#8221; content_last_edited=&#8221;off|desktop&#8221; module_class=&#8221;intro-absatz&#8221; _builder_version=&#8221;4.27.5&#8243; _module_preset=&#8221;default&#8221; text_font=&#8221;roboto 300||||||||&#8221; header_font=&#8221;|600|||||||&#8221; header_2_font=&#8221;roboto 300|500|||||||&#8221; header_2_font_size=&#8221;24px&#8221; text_orientation=&#8221;center&#8221; width=&#8221;65%&#8221; width_tablet=&#8221;90%&#8221; width_phone=&#8221;90%&#8221; width_last_edited=&#8221;on|tablet&#8221; module_alignment=&#8221;center&#8221; hover_enabled=&#8221;0&#8243; text_orientation_tablet=&#8221;center&#8221; text_orientation_phone=&#8221;left&#8221; text_orientation_last_edited=&#8221;on|phone&#8221; global_colors_info=&#8221;{}&#8221; custom_css_main_element_last_edited=&#8221;on|phone&#8221; custom_css_main_element_phone=&#8221;text-align: left !important;&#8221; sticky_enabled=&#8221;0&#8243;]<\/p>\n<h1>Brain &amp; Nervous System<\/h1>\n<p>The brain and nervous system control many important processes in the body and play a central role in perception and thinking.[\/et_pb_text][\/et_pb_column][\/et_pb_row][\/et_pb_section][et_pb_section fb_built=&#8221;1&#8243; module_class=&#8221;row&#8221; _builder_version=&#8221;4.27.2&#8243; _module_preset=&#8221;default&#8221; width=&#8221;70%&#8221; width_tablet=&#8221;100%&#8221; width_phone=&#8221;100%&#8221; width_last_edited=&#8221;on|tablet&#8221; module_alignment=&#8221;center&#8221; custom_padding=&#8221;0px||||false|false&#8221; locked=&#8221;off&#8221; global_colors_info=&#8221;{}&#8221;][et_pb_row module_class=&#8221;productList&#8221; _builder_version=&#8221;4.27.2&#8243; _module_preset=&#8221;default&#8221; width_tablet=&#8221;100%&#8221; width_phone=&#8221;100%&#8221; width_last_edited=&#8221;on|phone&#8221; global_colors_info=&#8221;{}&#8221;][et_pb_column type=&#8221;4_4&#8243; _builder_version=&#8221;4.20.0&#8243; _module_preset=&#8221;default&#8221; global_colors_info=&#8221;{}&#8221;][et_pb_image src=&#8221;https:\/\/rubyni.com\/wp-content\/uploads\/2024\/11\/rubyni-neuro-kapseln-produkt.webp&#8221; title_text=&#8221;rubyni-neuro&#8221; align=&#8221;center&#8221; _builder_version=&#8221;4.27.2&#8243; _module_preset=&#8221;default&#8221; width=&#8221;100%&#8221; global_colors_info=&#8221;{}&#8221;][\/et_pb_image][et_pb_text _builder_version=&#8221;4.27.2&#8243; _module_preset=&#8221;default&#8221; min_height=&#8221;100px&#8221; global_colors_info=&#8221;{}&#8221;]<\/p>\n<p style=\"text-align: center;\"><strong>rubyni<sup>\u00ae<\/sup><\/strong><br \/><strong>NEURO<\/strong><br \/>for brain and nervous system<\/p>\n<p>[\/et_pb_text][et_pb_button button_url=&#8221;\/en\/products\/rubyni-neuro&#8221; button_text=&#8221;to the product&#8221; button_alignment=&#8221;center&#8221; _builder_version=&#8221;4.27.4&#8243; _module_preset=&#8221;default&#8221; global_colors_info=&#8221;{}&#8221;][\/et_pb_button][\/et_pb_column][\/et_pb_row][et_pb_row module_class=&#8221;productList kauftenauch&#8221; _builder_version=&#8221;4.27.2&#8243; _module_preset=&#8221;default&#8221; width_tablet=&#8221;100%&#8221; width_phone=&#8221;100%&#8221; width_last_edited=&#8221;on|tablet&#8221; global_colors_info=&#8221;{}&#8221;][et_pb_column type=&#8221;4_4&#8243; _builder_version=&#8221;4.20.0&#8243; _module_preset=&#8221;default&#8221; global_colors_info=&#8221;{}&#8221;][et_pb_image src=&#8221;https:\/\/rubyni.com\/wp-content\/uploads\/2024\/11\/rubyni-schwarze-johannisbeere-kapseln-produkt.webp&#8221; alt=&#8221;Immunsystem und Abwehrkr\u00e4fte nat\u00fcrlich st\u00e4rken&#8221; title_text=&#8221;rubyni-johannisbeere&#8221; align=&#8221;center&#8221; _builder_version=&#8221;4.27.2&#8243; _module_preset=&#8221;default&#8221; width=&#8221;100%&#8221; global_colors_info=&#8221;{}&#8221;][\/et_pb_image][et_pb_text _builder_version=&#8221;4.27.2&#8243; _module_preset=&#8221;default&#8221; min_height=&#8221;100px&#8221; global_colors_info=&#8221;{}&#8221;]<\/p>\n<p style=\"text-align: center;\"><strong>rubyni<sup>\u00ae<\/sup><\/strong><br \/><strong>Blackcurrant<\/strong><br \/>to support your diet<\/p>\n<p>[\/et_pb_text][et_pb_button button_url=&#8221;\/en\/products\/rubyni-blackcurrant&#8221; button_text=&#8221;to the product&#8221; button_alignment=&#8221;center&#8221; _builder_version=&#8221;4.27.4&#8243; _module_preset=&#8221;default&#8221; global_colors_info=&#8221;{}&#8221;][\/et_pb_button][\/et_pb_column][\/et_pb_row][\/et_pb_section]<\/p>\n","protected":false},"excerpt":{"rendered":"<p>Brain &amp; Nervous System The brain and nervous system control many important processes in the body and play a central role in perception and thinking.rubyni\u00aeNEUROfor brain and nervous systemrubyni\u00aeBlackcurrantto support your diet<\/p>\n","protected":false},"author":1,"featured_media":0,"parent":8212,"menu_order":0,"comment_status":"closed","ping_status":"closed","template":"page-no-header.php","meta":{"_et_pb_use_builder":"on","_et_pb_old_content":"","_et_gb_content_width":"","footnotes":""},"class_list":["post-8228","page","type-page","status-publish","hentry"],"yoast_head":"<!-- This site is optimized with the Yoast SEO Premium plugin v26.7 (Yoast SEO v26.7) - https:\/\/yoast.com\/wordpress\/plugins\/seo\/ -->\r\n<title>Promoting concentration and the brain - nutritional supplements<\/title>\r\n<meta name=\"description\" content=\"Our food supplements for natural support of the brain, nerves, memory, focus and concentration.\" \/>\r\n<meta name=\"robots\" content=\"index, follow, max-snippet:-1, max-image-preview:large, max-video-preview:-1\" \/>\r\n<link rel=\"canonical\" href=\"https:\/\/rubyni.com\/gut-fuer\/konzentration-gedaechtnis-verbessern\" \/>\r\n<meta property=\"og:locale\" content=\"en_US\" \/>\r\n<meta property=\"og:type\" content=\"article\" \/>\r\n<meta property=\"og:title\" content=\"Brain &amp; Nervous System\" \/>\r\n<meta property=\"og:description\" content=\"Our food supplements for natural support of the brain, nerves, memory, focus and concentration.\" \/>\r\n<meta property=\"og:url\" content=\"https:\/\/rubyni.com\/gut-fuer\/konzentration-gedaechtnis-verbessern\" \/>\r\n<meta property=\"og:site_name\" content=\"rubyni\" \/>\r\n<meta property=\"article:modified_time\" content=\"2026-03-12T12:42:54+00:00\" \/>\r\n<meta name=\"twitter:card\" content=\"summary_large_image\" \/>\r\n<meta name=\"twitter:label1\" content=\"Est. reading time\" \/>\n\t<meta name=\"twitter:data1\" content=\"3 minutes\" \/>\r\n<script type=\"application\/ld+json\" class=\"yoast-schema-graph\">{\"@context\":\"https:\/\/schema.org\",\"@graph\":[{\"@type\":\"WebPage\",\"@id\":\"https:\/\/rubyni.com\/gut-fuer\/konzentration-gedaechtnis-verbessern\",\"url\":\"https:\/\/rubyni.com\/gut-fuer\/konzentration-gedaechtnis-verbessern\",\"name\":\"Promoting concentration and the brain - nutritional supplements\",\"isPartOf\":{\"@id\":\"https:\/\/rubyni.com\/#website\"},\"datePublished\":\"2024-11-05T11:27:11+00:00\",\"dateModified\":\"2026-03-12T12:42:54+00:00\",\"description\":\"Our food supplements for natural support of the brain, nerves, memory, focus and concentration.\",\"breadcrumb\":{\"@id\":\"https:\/\/rubyni.com\/gut-fuer\/konzentration-gedaechtnis-verbessern#breadcrumb\"},\"inLanguage\":\"en-US\",\"potentialAction\":[{\"@type\":\"ReadAction\",\"target\":[\"https:\/\/rubyni.com\/gut-fuer\/konzentration-gedaechtnis-verbessern\"]}]},{\"@type\":\"BreadcrumbList\",\"@id\":\"https:\/\/rubyni.com\/gut-fuer\/konzentration-gedaechtnis-verbessern#breadcrumb\",\"itemListElement\":[{\"@type\":\"ListItem\",\"position\":1,\"name\":\"Startseite\",\"item\":\"https:\/\/rubyni.com\/\"},{\"@type\":\"ListItem\",\"position\":2,\"name\":\"Good for\",\"item\":\"https:\/\/rubyni.com\/gut-fuer\"},{\"@type\":\"ListItem\",\"position\":3,\"name\":\"Brain &amp; Nervous System\"}]},{\"@type\":\"WebSite\",\"@id\":\"https:\/\/rubyni.com\/#website\",\"url\":\"https:\/\/rubyni.com\/\",\"name\":\"rubyni\",\"description\":\"\",\"potentialAction\":[{\"@type\":\"SearchAction\",\"target\":{\"@type\":\"EntryPoint\",\"urlTemplate\":\"https:\/\/rubyni.com\/?s={search_term_string}\"},\"query-input\":{\"@type\":\"PropertyValueSpecification\",\"valueRequired\":true,\"valueName\":\"search_term_string\"}}],\"inLanguage\":\"en-US\"}]}<\/script>\r\n<!-- \/ Yoast SEO Premium plugin. -->","yoast_head_json":{"title":"Promoting concentration and the brain - nutritional supplements","description":"Our food supplements for natural support of the brain, nerves, memory, focus and concentration.","robots":{"index":"index","follow":"follow","max-snippet":"max-snippet:-1","max-image-preview":"max-image-preview:large","max-video-preview":"max-video-preview:-1"},"canonical":"https:\/\/rubyni.com\/gut-fuer\/konzentration-gedaechtnis-verbessern","og_locale":"en_US","og_type":"article","og_title":"Brain &amp; Nervous System","og_description":"Our food supplements for natural support of the brain, nerves, memory, focus and concentration.","og_url":"https:\/\/rubyni.com\/gut-fuer\/konzentration-gedaechtnis-verbessern","og_site_name":"rubyni","article_modified_time":"2026-03-12T12:42:54+00:00","twitter_card":"summary_large_image","twitter_misc":{"Est. reading time":"3 minutes"},"schema":{"@context":"https:\/\/schema.org","@graph":[{"@type":"WebPage","@id":"https:\/\/rubyni.com\/gut-fuer\/konzentration-gedaechtnis-verbessern","url":"https:\/\/rubyni.com\/gut-fuer\/konzentration-gedaechtnis-verbessern","name":"Promoting concentration and the brain - nutritional supplements","isPartOf":{"@id":"https:\/\/rubyni.com\/#website"},"datePublished":"2024-11-05T11:27:11+00:00","dateModified":"2026-03-12T12:42:54+00:00","description":"Our food supplements for natural support of the brain, nerves, memory, focus and concentration.","breadcrumb":{"@id":"https:\/\/rubyni.com\/gut-fuer\/konzentration-gedaechtnis-verbessern#breadcrumb"},"inLanguage":"en-US","potentialAction":[{"@type":"ReadAction","target":["https:\/\/rubyni.com\/gut-fuer\/konzentration-gedaechtnis-verbessern"]}]},{"@type":"BreadcrumbList","@id":"https:\/\/rubyni.com\/gut-fuer\/konzentration-gedaechtnis-verbessern#breadcrumb","itemListElement":[{"@type":"ListItem","position":1,"name":"Startseite","item":"https:\/\/rubyni.com\/"},{"@type":"ListItem","position":2,"name":"Good for","item":"https:\/\/rubyni.com\/gut-fuer"},{"@type":"ListItem","position":3,"name":"Brain &amp; Nervous System"}]},{"@type":"WebSite","@id":"https:\/\/rubyni.com\/#website","url":"https:\/\/rubyni.com\/","name":"rubyni","description":"","potentialAction":[{"@type":"SearchAction","target":{"@type":"EntryPoint","urlTemplate":"https:\/\/rubyni.com\/?s={search_term_string}"},"query-input":{"@type":"PropertyValueSpecification","valueRequired":true,"valueName":"search_term_string"}}],"inLanguage":"en-US"}]}},"_links":{"self":[{"href":"https:\/\/rubyni.com\/en\/wp-json\/wp\/v2\/pages\/8228","targetHints":{"allow":["GET"]}}],"collection":[{"href":"https:\/\/rubyni.com\/en\/wp-json\/wp\/v2\/pages"}],"about":[{"href":"https:\/\/rubyni.com\/en\/wp-json\/wp\/v2\/types\/page"}],"author":[{"embeddable":true,"href":"https:\/\/rubyni.com\/en\/wp-json\/wp\/v2\/users\/1"}],"replies":[{"embeddable":true,"href":"https:\/\/rubyni.com\/en\/wp-json\/wp\/v2\/comments?post=8228"}],"version-history":[{"count":6,"href":"https:\/\/rubyni.com\/en\/wp-json\/wp\/v2\/pages\/8228\/revisions"}],"predecessor-version":[{"id":16020,"href":"https:\/\/rubyni.com\/en\/wp-json\/wp\/v2\/pages\/8228\/revisions\/16020"}],"up":[{"embeddable":true,"href":"https:\/\/rubyni.com\/en\/wp-json\/wp\/v2\/pages\/8212"}],"wp:attachment":[{"href":"https:\/\/rubyni.com\/en\/wp-json\/wp\/v2\/media?parent=8228"}],"curies":[{"name":"wp","href":"https:\/\/api.w.org\/{rel}","templated":true}]}}