{"id":3624,"date":"2023-02-20T12:56:54","date_gmt":"2023-02-20T11:56:54","guid":{"rendered":"https:\/\/rubyni.com\/faq"},"modified":"2023-09-25T10:34:55","modified_gmt":"2023-09-25T08:34:55","slug":"faq","status":"publish","type":"page","link":"https:\/\/rubyni.com\/it\/faq","title":{"rendered":"FAQ"},"content":{"rendered":"<p>[et_pb_section fb_built=&#8221;1&#8243; _builder_version=&#8221;4.21.0&#8243; _module_preset=&#8221;default&#8221; hover_enabled=&#8221;0&#8243; global_colors_info=&#8221;{}&#8221; sticky_enabled=&#8221;0&#8243; background_enable_image=&#8221;off&#8221;][et_pb_row _builder_version=&#8221;4.21.0&#8243; _module_preset=&#8221;default&#8221; global_colors_info=&#8221;{}&#8221;][et_pb_column type=&#8221;4_4&#8243; _builder_version=&#8221;4.21.0&#8243; _module_preset=&#8221;default&#8221; global_colors_info=&#8221;{}&#8221;][et_pb_text _builder_version=&#8221;4.21.0&#8243; _module_preset=&#8221;default&#8221; hover_enabled=&#8221;0&#8243; global_colors_info=&#8221;{}&#8221; sticky_enabled=&#8221;0&#8243;]<\/p>\n<h2><strong>Avete domande su rubyni<sup>\u00ae<\/sup>?<\/strong><\/h2>\n<p>Il nostro servizio di assistenza \u00e8 raggiungibile<br \/>\ndal luned\u00ec al gioved\u00ec dalle 09.00 alle 17.00<br \/>\ne il venerd\u00ec dalle ore 09.00 alle 15.00<br \/>\nal numero di telefono:<\/p>\n<p><strong><a href=\"tel:004986647568199\">+49 8664\u200975681\u200999<\/a><\/strong><\/p>\n<p>[\/et_pb_text][\/et_pb_column][\/et_pb_row][\/et_pb_section]<\/p>\n","protected":false},"excerpt":{"rendered":"<p>Avete domande su rubyni\u00ae? Il nostro servizio di assistenza \u00e8 raggiungibile dal luned\u00ec al gioved\u00ec dalle 09.00 alle 17.00 e il venerd\u00ec dalle ore 09.00 alle 15.00 al numero di telefono: +49 8664\u200975681\u200999<\/p>\n","protected":false},"author":1,"featured_media":1009,"parent":0,"menu_order":0,"comment_status":"closed","ping_status":"closed","template":"page-faq.php","meta":{"_acf_changed":false,"_et_pb_use_builder":"on","_et_pb_old_content":"","_et_gb_content_width":"","footnotes":""},"class_list":["post-3624","page","type-page","status-publish","has-post-thumbnail","hentry"],"acf":[],"yoast_head":"<!-- This site is optimized with the Yoast SEO Premium plugin v26.7 (Yoast SEO v26.7) - https:\/\/yoast.com\/wordpress\/plugins\/seo\/ -->\r\n<title>FAQ | Domande frequenti | rubyni\u00ae<\/title>\r\n<meta name=\"description\" content=\"Avete una domanda su rubyni\u00ae? Nella pagina delle FAQ rispondiamo alle domande pi\u00f9 frequenti su rubyni\u00ae.\" \/>\r\n<meta name=\"robots\" content=\"index, follow, max-snippet:-1, max-image-preview:large, max-video-preview:-1\" \/>\r\n<link rel=\"canonical\" href=\"https:\/\/rubyni.com\/it\/faq\" \/>\r\n<meta property=\"og:locale\" content=\"it_IT\" \/>\r\n<meta property=\"og:type\" content=\"article\" \/>\r\n<meta property=\"og:title\" content=\"FAQ\" \/>\r\n<meta property=\"og:description\" content=\"Avete una domanda su rubyni\u00ae? Nella pagina delle FAQ rispondiamo alle domande pi\u00f9 frequenti su rubyni\u00ae.\" \/>\r\n<meta property=\"og:url\" content=\"https:\/\/rubyni.com\/it\/faq\" \/>\r\n<meta property=\"og:site_name\" content=\"rubyni\" \/>\r\n<meta property=\"article:modified_time\" content=\"2023-09-25T08:34:55+00:00\" \/>\r\n<meta property=\"og:image\" content=\"https:\/\/rubyni.com\/wp-content\/uploads\/2023\/03\/rubyni_startseite_paralax.jpg\" \/>\r\n\t<meta property=\"og:image:width\" content=\"2544\" \/>\r\n\t<meta property=\"og:image:height\" content=\"700\" \/>\r\n\t<meta property=\"og:image:type\" content=\"image\/jpeg\" \/>\r\n<meta name=\"twitter:card\" content=\"summary_large_image\" \/>\r\n<script type=\"application\/ld+json\" class=\"yoast-schema-graph\">{\"@context\":\"https:\/\/schema.org\",\"@graph\":[{\"@type\":\"WebPage\",\"@id\":\"https:\/\/rubyni.com\/it\/faq\",\"url\":\"https:\/\/rubyni.com\/it\/faq\",\"name\":\"FAQ | Domande frequenti | rubyni\u00ae\",\"isPartOf\":{\"@id\":\"https:\/\/rubyni.com\/#website\"},\"primaryImageOfPage\":{\"@id\":\"https:\/\/rubyni.com\/it\/faq#primaryimage\"},\"image\":{\"@id\":\"https:\/\/rubyni.com\/it\/faq#primaryimage\"},\"thumbnailUrl\":\"https:\/\/rubyni.com\/wp-content\/uploads\/2023\/03\/rubyni_startseite_paralax.jpg\",\"datePublished\":\"2023-02-20T11:56:54+00:00\",\"dateModified\":\"2023-09-25T08:34:55+00:00\",\"description\":\"Avete una domanda su rubyni\u00ae? Nella pagina delle FAQ rispondiamo alle domande pi\u00f9 frequenti su rubyni\u00ae.\",\"breadcrumb\":{\"@id\":\"https:\/\/rubyni.com\/it\/faq#breadcrumb\"},\"inLanguage\":\"it-IT\",\"potentialAction\":[{\"@type\":\"ReadAction\",\"target\":[\"https:\/\/rubyni.com\/it\/faq\"]}]},{\"@type\":\"ImageObject\",\"inLanguage\":\"it-IT\",\"@id\":\"https:\/\/rubyni.com\/it\/faq#primaryimage\",\"url\":\"https:\/\/rubyni.com\/wp-content\/uploads\/2023\/03\/rubyni_startseite_paralax.jpg\",\"contentUrl\":\"https:\/\/rubyni.com\/wp-content\/uploads\/2023\/03\/rubyni_startseite_paralax.jpg\",\"width\":2544,\"height\":700,\"caption\":\"Holunder Kapseln Nahrungserg\u00e4nzung\"},{\"@type\":\"BreadcrumbList\",\"@id\":\"https:\/\/rubyni.com\/it\/faq#breadcrumb\",\"itemListElement\":[{\"@type\":\"ListItem\",\"position\":1,\"name\":\"Startseite\",\"item\":\"https:\/\/rubyni.com\/\"},{\"@type\":\"ListItem\",\"position\":2,\"name\":\"FAQ\"}]},{\"@type\":\"WebSite\",\"@id\":\"https:\/\/rubyni.com\/#website\",\"url\":\"https:\/\/rubyni.com\/\",\"name\":\"rubyni\",\"description\":\"\",\"potentialAction\":[{\"@type\":\"SearchAction\",\"target\":{\"@type\":\"EntryPoint\",\"urlTemplate\":\"https:\/\/rubyni.com\/?s={search_term_string}\"},\"query-input\":{\"@type\":\"PropertyValueSpecification\",\"valueRequired\":true,\"valueName\":\"search_term_string\"}}],\"inLanguage\":\"it-IT\"}]}<\/script>\r\n<!-- \/ Yoast SEO Premium plugin. -->","yoast_head_json":{"title":"FAQ | Domande frequenti | rubyni\u00ae","description":"Avete una domanda su rubyni\u00ae? Nella pagina delle FAQ rispondiamo alle domande pi\u00f9 frequenti su rubyni\u00ae.","robots":{"index":"index","follow":"follow","max-snippet":"max-snippet:-1","max-image-preview":"max-image-preview:large","max-video-preview":"max-video-preview:-1"},"canonical":"https:\/\/rubyni.com\/it\/faq","og_locale":"it_IT","og_type":"article","og_title":"FAQ","og_description":"Avete una domanda su rubyni\u00ae? Nella pagina delle FAQ rispondiamo alle domande pi\u00f9 frequenti su rubyni\u00ae.","og_url":"https:\/\/rubyni.com\/it\/faq","og_site_name":"rubyni","article_modified_time":"2023-09-25T08:34:55+00:00","og_image":[{"width":2544,"height":700,"url":"https:\/\/rubyni.com\/wp-content\/uploads\/2023\/03\/rubyni_startseite_paralax.jpg","type":"image\/jpeg"}],"twitter_card":"summary_large_image","schema":{"@context":"https:\/\/schema.org","@graph":[{"@type":"WebPage","@id":"https:\/\/rubyni.com\/it\/faq","url":"https:\/\/rubyni.com\/it\/faq","name":"FAQ | Domande frequenti | rubyni\u00ae","isPartOf":{"@id":"https:\/\/rubyni.com\/#website"},"primaryImageOfPage":{"@id":"https:\/\/rubyni.com\/it\/faq#primaryimage"},"image":{"@id":"https:\/\/rubyni.com\/it\/faq#primaryimage"},"thumbnailUrl":"https:\/\/rubyni.com\/wp-content\/uploads\/2023\/03\/rubyni_startseite_paralax.jpg","datePublished":"2023-02-20T11:56:54+00:00","dateModified":"2023-09-25T08:34:55+00:00","description":"Avete una domanda su rubyni\u00ae? Nella pagina delle FAQ rispondiamo alle domande pi\u00f9 frequenti su rubyni\u00ae.","breadcrumb":{"@id":"https:\/\/rubyni.com\/it\/faq#breadcrumb"},"inLanguage":"it-IT","potentialAction":[{"@type":"ReadAction","target":["https:\/\/rubyni.com\/it\/faq"]}]},{"@type":"ImageObject","inLanguage":"it-IT","@id":"https:\/\/rubyni.com\/it\/faq#primaryimage","url":"https:\/\/rubyni.com\/wp-content\/uploads\/2023\/03\/rubyni_startseite_paralax.jpg","contentUrl":"https:\/\/rubyni.com\/wp-content\/uploads\/2023\/03\/rubyni_startseite_paralax.jpg","width":2544,"height":700,"caption":"Holunder Kapseln Nahrungserg\u00e4nzung"},{"@type":"BreadcrumbList","@id":"https:\/\/rubyni.com\/it\/faq#breadcrumb","itemListElement":[{"@type":"ListItem","position":1,"name":"Startseite","item":"https:\/\/rubyni.com\/"},{"@type":"ListItem","position":2,"name":"FAQ"}]},{"@type":"WebSite","@id":"https:\/\/rubyni.com\/#website","url":"https:\/\/rubyni.com\/","name":"rubyni","description":"","potentialAction":[{"@type":"SearchAction","target":{"@type":"EntryPoint","urlTemplate":"https:\/\/rubyni.com\/?s={search_term_string}"},"query-input":{"@type":"PropertyValueSpecification","valueRequired":true,"valueName":"search_term_string"}}],"inLanguage":"it-IT"}]}},"_links":{"self":[{"href":"https:\/\/rubyni.com\/it\/wp-json\/wp\/v2\/pages\/3624","targetHints":{"allow":["GET"]}}],"collection":[{"href":"https:\/\/rubyni.com\/it\/wp-json\/wp\/v2\/pages"}],"about":[{"href":"https:\/\/rubyni.com\/it\/wp-json\/wp\/v2\/types\/page"}],"author":[{"embeddable":true,"href":"https:\/\/rubyni.com\/it\/wp-json\/wp\/v2\/users\/1"}],"replies":[{"embeddable":true,"href":"https:\/\/rubyni.com\/it\/wp-json\/wp\/v2\/comments?post=3624"}],"version-history":[{"count":5,"href":"https:\/\/rubyni.com\/it\/wp-json\/wp\/v2\/pages\/3624\/revisions"}],"predecessor-version":[{"id":3629,"href":"https:\/\/rubyni.com\/it\/wp-json\/wp\/v2\/pages\/3624\/revisions\/3629"}],"wp:featuredmedia":[{"embeddable":true,"href":"https:\/\/rubyni.com\/it\/wp-json\/wp\/v2\/media\/1009"}],"wp:attachment":[{"href":"https:\/\/rubyni.com\/it\/wp-json\/wp\/v2\/media?parent=3624"}],"curies":[{"name":"wp","href":"https:\/\/api.w.org\/{rel}","templated":true}]}}