{"id":3639,"date":"2023-02-20T12:57:01","date_gmt":"2023-02-20T11:57:01","guid":{"rendered":"https:\/\/rubyni.com\/contatti"},"modified":"2023-09-25T10:37:42","modified_gmt":"2023-09-25T08:37:42","slug":"contatti","status":"publish","type":"page","link":"https:\/\/rubyni.com\/it\/contatti","title":{"rendered":"Contatti"},"content":{"rendered":"<p>[et_pb_section fb_built=&#8221;1&#8243; _builder_version=&#8221;4.21.0&#8243; _module_preset=&#8221;default&#8221; global_colors_info=&#8221;{}&#8221;][et_pb_row _builder_version=&#8221;4.21.0&#8243; _module_preset=&#8221;default&#8221; global_colors_info=&#8221;{}&#8221;][et_pb_column type=&#8221;4_4&#8243; _builder_version=&#8221;4.21.0&#8243; _module_preset=&#8221;default&#8221; global_colors_info=&#8221;{}&#8221;][et_pb_text _builder_version=&#8221;4.21.0&#8243; _module_preset=&#8221;default&#8221; hover_enabled=&#8221;0&#8243; global_colors_info=&#8221;{}&#8221; sticky_enabled=&#8221;0&#8243;]<\/p>\n<h2><strong>Contatti<\/strong><\/h2>\n<p>Come possiamo aiutarla?<br \/>\nIl nostro servizio di assistenza \u00e8 raggiungibile<br \/>\ndal luned\u00ec al venerd\u00ec, dalle ore 09:00 alle 17:00<br \/>\nnei normali giorni lavorativi.<\/p>\n<p><strong>Avete domande su rubyni<sup>\u00ae<\/sup> o sui nostri prodotti?<\/strong><br \/>\nContattateci al numero <a href=\"tel:004986647568199\">+49 (0)8664 75681 99<\/a><\/p>\n<p><strong>Avete domande su ordini, fatture e pagamenti?<\/strong><br \/>\nIl nostro team sar\u00e0 lieto di rispondere alle vostre richieste al numero <a href=\"tel:004986647568100\">+49 (0)8664 75681 00<\/a> o per email scrivendo a <a href=\"mailto:office@rubyni.com\">office@rubyni.com<\/a> <\/p>\n<p>&nbsp;<\/p>\n<p>Vai a:<\/p>\n<p>[\/et_pb_text][et_pb_button button_url=&#8221;https:\/\/rubyni.com\/it\/faq&#8221; button_text=&#8221;Domande frequenti&#8221; _builder_version=&#8221;4.21.0&#8243; _module_preset=&#8221;default&#8221; custom_margin=&#8221;-2rem||||false|false&#8221; global_colors_info=&#8221;{}&#8221;][\/et_pb_button][\/et_pb_column][\/et_pb_row][\/et_pb_section]<\/p>\n","protected":false},"excerpt":{"rendered":"<p>Contatti Come possiamo aiutarla? Il nostro servizio di assistenza \u00e8 raggiungibile dal luned\u00ec al venerd\u00ec, dalle ore 09:00 alle 17:00 nei normali giorni lavorativi. Avete domande su rubyni\u00ae o sui nostri prodotti? Contattateci al numero +49 (0)8664 75681 99 Avete domande su ordini, fatture e pagamenti? Il nostro team sar\u00e0 lieto di rispondere alle vostre [&hellip;]<\/p>\n","protected":false},"author":1,"featured_media":0,"parent":0,"menu_order":0,"comment_status":"closed","ping_status":"closed","template":"page-no-header.php","meta":{"_acf_changed":false,"_et_pb_use_builder":"on","_et_pb_old_content":"","_et_gb_content_width":"","footnotes":""},"class_list":["post-3639","page","type-page","status-publish","hentry"],"acf":[],"yoast_head":"<!-- This site is optimized with the Yoast SEO Premium plugin v26.7 (Yoast SEO v26.7) - https:\/\/yoast.com\/wordpress\/plugins\/seo\/ -->\r\n<title>Contatti | rubyni\u00ae<\/title>\r\n<meta name=\"description\" content=\"Avete domande su ordini, fatture e pagamenti? Il nostro team sar\u00e0 lieto di rispondere alle vostre richieste al numero: +49 8664-7568100 o per email office@rubyni.com\" \/>\r\n<meta name=\"robots\" content=\"index, follow, max-snippet:-1, max-image-preview:large, max-video-preview:-1\" \/>\r\n<link rel=\"canonical\" href=\"https:\/\/rubyni.com\/it\/contatti\" \/>\r\n<meta property=\"og:locale\" content=\"it_IT\" \/>\r\n<meta property=\"og:type\" content=\"article\" \/>\r\n<meta property=\"og:title\" content=\"Contatti\" \/>\r\n<meta property=\"og:description\" content=\"Avete domande su ordini, fatture e pagamenti? Il nostro team sar\u00e0 lieto di rispondere alle vostre richieste al numero: +49 8664-7568100 o per email office@rubyni.com\" \/>\r\n<meta property=\"og:url\" content=\"https:\/\/rubyni.com\/it\/contatti\" \/>\r\n<meta property=\"og:site_name\" content=\"rubyni\" \/>\r\n<meta property=\"article:modified_time\" content=\"2023-09-25T08:37:42+00:00\" \/>\r\n<meta name=\"twitter:card\" content=\"summary_large_image\" \/>\r\n<meta name=\"twitter:label1\" content=\"Tempo di lettura stimato\" \/>\n\t<meta name=\"twitter:data1\" content=\"1 minuto\" \/>\r\n<script type=\"application\/ld+json\" class=\"yoast-schema-graph\">{\"@context\":\"https:\/\/schema.org\",\"@graph\":[{\"@type\":\"WebPage\",\"@id\":\"https:\/\/rubyni.com\/it\/contatti\",\"url\":\"https:\/\/rubyni.com\/it\/contatti\",\"name\":\"Contatti | rubyni\u00ae\",\"isPartOf\":{\"@id\":\"https:\/\/rubyni.com\/#website\"},\"datePublished\":\"2023-02-20T11:57:01+00:00\",\"dateModified\":\"2023-09-25T08:37:42+00:00\",\"description\":\"Avete domande su ordini, fatture e pagamenti? Il nostro team sar\u00e0 lieto di rispondere alle vostre richieste al numero: +49 8664-7568100 o per email office@rubyni.com\",\"breadcrumb\":{\"@id\":\"https:\/\/rubyni.com\/it\/contatti#breadcrumb\"},\"inLanguage\":\"it-IT\",\"potentialAction\":[{\"@type\":\"ReadAction\",\"target\":[\"https:\/\/rubyni.com\/it\/contatti\"]}]},{\"@type\":\"BreadcrumbList\",\"@id\":\"https:\/\/rubyni.com\/it\/contatti#breadcrumb\",\"itemListElement\":[{\"@type\":\"ListItem\",\"position\":1,\"name\":\"Startseite\",\"item\":\"https:\/\/rubyni.com\/\"},{\"@type\":\"ListItem\",\"position\":2,\"name\":\"Contatti\"}]},{\"@type\":\"WebSite\",\"@id\":\"https:\/\/rubyni.com\/#website\",\"url\":\"https:\/\/rubyni.com\/\",\"name\":\"rubyni\",\"description\":\"\",\"potentialAction\":[{\"@type\":\"SearchAction\",\"target\":{\"@type\":\"EntryPoint\",\"urlTemplate\":\"https:\/\/rubyni.com\/?s={search_term_string}\"},\"query-input\":{\"@type\":\"PropertyValueSpecification\",\"valueRequired\":true,\"valueName\":\"search_term_string\"}}],\"inLanguage\":\"it-IT\"}]}<\/script>\r\n<!-- \/ Yoast SEO Premium plugin. -->","yoast_head_json":{"title":"Contatti | rubyni\u00ae","description":"Avete domande su ordini, fatture e pagamenti? Il nostro team sar\u00e0 lieto di rispondere alle vostre richieste al numero: +49 8664-7568100 o per email office@rubyni.com","robots":{"index":"index","follow":"follow","max-snippet":"max-snippet:-1","max-image-preview":"max-image-preview:large","max-video-preview":"max-video-preview:-1"},"canonical":"https:\/\/rubyni.com\/it\/contatti","og_locale":"it_IT","og_type":"article","og_title":"Contatti","og_description":"Avete domande su ordini, fatture e pagamenti? Il nostro team sar\u00e0 lieto di rispondere alle vostre richieste al numero: +49 8664-7568100 o per email office@rubyni.com","og_url":"https:\/\/rubyni.com\/it\/contatti","og_site_name":"rubyni","article_modified_time":"2023-09-25T08:37:42+00:00","twitter_card":"summary_large_image","twitter_misc":{"Tempo di lettura stimato":"1 minuto"},"schema":{"@context":"https:\/\/schema.org","@graph":[{"@type":"WebPage","@id":"https:\/\/rubyni.com\/it\/contatti","url":"https:\/\/rubyni.com\/it\/contatti","name":"Contatti | rubyni\u00ae","isPartOf":{"@id":"https:\/\/rubyni.com\/#website"},"datePublished":"2023-02-20T11:57:01+00:00","dateModified":"2023-09-25T08:37:42+00:00","description":"Avete domande su ordini, fatture e pagamenti? Il nostro team sar\u00e0 lieto di rispondere alle vostre richieste al numero: +49 8664-7568100 o per email office@rubyni.com","breadcrumb":{"@id":"https:\/\/rubyni.com\/it\/contatti#breadcrumb"},"inLanguage":"it-IT","potentialAction":[{"@type":"ReadAction","target":["https:\/\/rubyni.com\/it\/contatti"]}]},{"@type":"BreadcrumbList","@id":"https:\/\/rubyni.com\/it\/contatti#breadcrumb","itemListElement":[{"@type":"ListItem","position":1,"name":"Startseite","item":"https:\/\/rubyni.com\/"},{"@type":"ListItem","position":2,"name":"Contatti"}]},{"@type":"WebSite","@id":"https:\/\/rubyni.com\/#website","url":"https:\/\/rubyni.com\/","name":"rubyni","description":"","potentialAction":[{"@type":"SearchAction","target":{"@type":"EntryPoint","urlTemplate":"https:\/\/rubyni.com\/?s={search_term_string}"},"query-input":{"@type":"PropertyValueSpecification","valueRequired":true,"valueName":"search_term_string"}}],"inLanguage":"it-IT"}]}},"_links":{"self":[{"href":"https:\/\/rubyni.com\/it\/wp-json\/wp\/v2\/pages\/3639","targetHints":{"allow":["GET"]}}],"collection":[{"href":"https:\/\/rubyni.com\/it\/wp-json\/wp\/v2\/pages"}],"about":[{"href":"https:\/\/rubyni.com\/it\/wp-json\/wp\/v2\/types\/page"}],"author":[{"embeddable":true,"href":"https:\/\/rubyni.com\/it\/wp-json\/wp\/v2\/users\/1"}],"replies":[{"embeddable":true,"href":"https:\/\/rubyni.com\/it\/wp-json\/wp\/v2\/comments?post=3639"}],"version-history":[{"count":2,"href":"https:\/\/rubyni.com\/it\/wp-json\/wp\/v2\/pages\/3639\/revisions"}],"predecessor-version":[{"id":3641,"href":"https:\/\/rubyni.com\/it\/wp-json\/wp\/v2\/pages\/3639\/revisions\/3641"}],"wp:attachment":[{"href":"https:\/\/rubyni.com\/it\/wp-json\/wp\/v2\/media?parent=3639"}],"curies":[{"name":"wp","href":"https:\/\/api.w.org\/{rel}","templated":true}]}}