{"id":3749,"date":"2023-02-20T12:56:03","date_gmt":"2023-02-20T11:56:03","guid":{"rendered":"https:\/\/rubyni.com\/revoca"},"modified":"2023-09-25T14:41:15","modified_gmt":"2023-09-25T12:41:15","slug":"revoca","status":"publish","type":"page","link":"https:\/\/rubyni.com\/it\/revoca","title":{"rendered":"Revoca"},"content":{"rendered":"<p>[et_pb_section fb_built=&#8221;1&#8243; theme_builder_area=&#8221;post_content&#8221; _builder_version=&#8221;4.21.0&#8243; _module_preset=&#8221;default&#8221;][et_pb_row _builder_version=&#8221;4.21.0&#8243; _module_preset=&#8221;default&#8221; theme_builder_area=&#8221;post_content&#8221;][et_pb_column _builder_version=&#8221;4.21.0&#8243; _module_preset=&#8221;default&#8221; type=&#8221;4_4&#8243; theme_builder_area=&#8221;post_content&#8221;][et_pb_text _builder_version=&#8221;4.21.0&#8243; _module_preset=&#8221;default&#8221; theme_builder_area=&#8221;post_content&#8221; hover_enabled=&#8221;0&#8243; sticky_enabled=&#8221;0&#8243;]<\/p>\n<h1><strong>Diritto di recesso per i consumatori<\/strong><\/h1>\n<p><span style=\"font-size: 14px;\">(Per consumatore si intende qualsiasi persona fisica che stipula un negozio giuridico per scopi prevalentemente non commerciali o di lavoro autonomo.)<\/span><\/p>\n<p><span style=\"font-size: 16px;\"><strong>Informazioni sul diritto di recesso<\/strong><\/span><\/p>\n<p><span style=\"font-size: 14px;\"><strong>Diritto di recesso<\/strong><br \/>\nLei ha il diritto di recedere dal presente contratto entro 14 giorni senza fornire alcuna motivazione.<br \/>\nIl periodo di recesso \u00e8 di 14 giorni a partire dal giorno, <\/span><\/p>\n<p><span style=\"font-size: 14px;\">&#8211; in cui lei o un terzo da lei indicato, che non sia il vettore, ha preso possesso della merce, se ha ordinato una o pi\u00f9 merci come parte di un ordine unitario e queste \u00e8 o sono consegnate in modo unitario;<\/span>;<\/p>\n<p><span style=\"font-size: 14px;\">&#8211; in cui lei o un terzo da voi indicato, che non sia il vettore, abbia preso possesso dell&#8217;ultima merce se avete ordinato diverse merci come parte di un ordine unitario e queste vengono consegnate separatamente;<\/span>;<\/p>\n<p><span style=\"font-size: 14px;\">&#8211; in cui lei o un terzo da lei indicato, che non sia il vettore, abbia preso possesso della prima merce, nel caso in cui la merce venga fornita nell&#8217;ambito di un ordine con consegna regolare in un periodo di tempo determinato.<\/span><\/p>\n<p><span style=\"font-size: 14px;\">Per esercitare il diritto di recesso, l&#8217;utente \u00e8 tenuto a informarci <strong>(BerryPharma GmbH, Weidboden 1, 83339 Chieming, telefono +49 8664 75681 00, indirizzo email: office@rubyni.com)<\/strong> della sua decisione di recedere dal presente contratto mediante una dichiarazione chiara (ad esempio, una lettera inviata per posta o un&#8217;email). A tal fine \u00e8 possibile utilizzare il modulo di recesso allegato, che tuttavia non \u00e8 obbligatorio. Per rispettare il periodo di recesso, \u00e8 sufficiente che inviate la notifica dell&#8217;esercizio del diritto di recesso prima della scadenza del periodo di recesso.<\/span><\/p>\n<p><span style=\"font-size: 14px;\">Zur Wahrung der Widerrufsfrist reicht es aus, dass Sie die Mitteilung \u00fcber die Aus\u00fcbung des Widerrufsrechts vor Ablauf der Widerrufsfrist absenden.<\/span><\/p>\n<p><span style=\"font-size: 14px;\"><strong>Conseguenze del recesso<\/strong><\/span><\/p>\n<p>Esercitando il diritto di recesso dal presente contratto, rimborseremo tutti i pagamenti da lei ricevuti, compresi i costi di fornitura (ad eccezione dei costi aggiuntivi nel caso avesse scelto un tipo di consegna diverso dalla consegna standard pi\u00f9 economica da noi offerta), senza indugio e al pi\u00f9 tardi entro 14 giorni dal giorno in cui abbiamo ricevuto la notifica del suo recesso dal presente contratto. Per questo rimborso, utilizzeremo lo stesso mezzo di pagamento che avete utilizzato per la transazione originale, a meno che non sia stato espressamente concordato una modalit\u00e0 diversa; in nessun caso per il rimborso sar\u00e0 addebitato un corrispettivo.<\/p>\n<p><span style=\"font-size: 14px;\">Il rimborso pu\u00f2 essere rifiutato finch\u00e9 non avremo ricevuto la merce o finch\u00e9 lei non avr\u00e0 fornito la prova di averla rispedita, a seconda di quale delle due condizioni si verifichi prima.<\/span><\/p>\n<p>Dovete restituire o consegnare la merce a noi o a LomeQ GmbH, &#8211; Retoure rubyni -, Anton-Jakob-Stra\u00dfe 6, 83026 Rosenheim senza indugio e comunque non oltre 14 giorni dal giorno in cui ci avete comunicato il recesso dal presente contratto. Il termine \u00e8 rispettato se la merce viene spedita prima della scadenza del periodo di 14 giorni.<\/p>\n<p><span style=\"font-size: 14px;\">I costi per la restituzione della merce sono a carico del recedente.<\/span><\/p>\n<p><span style=\"font-size: 14px;\">Lei \u00e8 tenuto a risarcire l&#8217;eventuale perdita di valore della merce solo se \u00e8 dovuta a una manipolazione della merce non necessaria per testare la qualit\u00e0, le caratteristiche e il funzionamento della merce stessa.<\/span><\/p>\n<p><span style=\"font-size: 14px;\"><strong>Motivi di esclusione o di scadenza<\/strong><\/span><\/p>\n<p>Il diritto di recesso non vale per contratti<\/p>\n<p>&#8211; per la consegna di merci non sono prefabbricate e per la cui produzione \u00e8 determinante una scelta o una determinazione individuale da parte del consumatore o che sono chiaramente adattate alle esigenze personali del consumatore;<br \/>\n&#8211; per la consegna di merci che possono deteriorarsi rapidamente o la cui data di scadenza verrebbe rapidamente superata;<br \/>\n&#8211; per la consegna di bevande alcoliche, il cui prezzo \u00e8 stato concordato al momento della conclusione del contratto, ma che possono essere consegnate non prima di 30 giorni dopo la conclusione del contratto e il cui valore attuale dipende dalle fluttuazioni del mercato su cui l&#8217;imprenditore non ha alcuna influenza;<br \/>\n&#8211; per la consegna di giornali, periodici o riviste, ad eccezione dei contratti in abbonamento.<\/p>\n<p><span style=\"font-size: 14px;\">Il diritto di recesso si estingue anticipatamente nel caso di contratti<\/span><\/p>\n<p>&#8211; per la consegna di merci sigillate che non possono essere restituite per motivi di tutela della salute o di igiene, se il sigillo \u00e8 stato rimosso dopo la consegna;<br \/>\n&#8211; per la consegna di merci se queste a causa della loro natura sono state miscelate in modo inscindibile con altre merci dopo la consegna;<br \/>\n&#8211; nel caso di fornitura di registrazioni audio o video o di software in confezione sigillata se la sigillatura e\/o l&#8217;involucro sono stati rimossi dopo la consegna.<\/p>\n<hr \/>\n<p><span style=\"font-size: 14px;\"><strong>Modello dichiarazione di recesso<\/strong><\/span><\/p>\n<p>(per recedere dal contratto, si prega di compilare e restituire il presente modulo).<\/p>\n<p>\u2013 A BerryPharma GmbH, Weidboden 1, 83339 Chieming, email: office@rubyni.com :<\/p>\n<p>Con la presente Io\/noi (*) recedo\/recediamo dal contratto concluso da me\/noi (*) per l&#8217;acquisto della seguente merce (*)\/<br \/>\nla fornitura del seguente servizio (*)<\/p>\n<p>\u00a0Ordinata\/o il (*)\/ ricevuta\/o il (*)<\/p>\n<p>&#8211; Nome del\/dei consumatore\/i<br \/>\n&#8211; Indirizzo del\/dei consumatore\/i<br \/>\n&#8211; Firma del\/dei consumatore\/i (solo se la comunicazione \u00e8 di tipo cartaceo)<br \/>\n&#8211; Data<\/p>\n<p>(*) Cancellare la dicitura non applicabile.<\/p>\n<p>[\/et_pb_text][\/et_pb_column][\/et_pb_row][\/et_pb_section]<\/p>\n","protected":false},"excerpt":{"rendered":"<p>Diritto di recesso per i consumatori (Per consumatore si intende qualsiasi persona fisica che stipula un negozio giuridico per scopi prevalentemente non commerciali o di lavoro autonomo.) Informazioni sul diritto di recesso Diritto di recesso Lei ha il diritto di recedere dal presente contratto entro 14 giorni senza fornire alcuna motivazione. Il periodo di recesso [&hellip;]<\/p>\n","protected":false},"author":1,"featured_media":0,"parent":0,"menu_order":0,"comment_status":"closed","ping_status":"closed","template":"page-no-header.php","meta":{"_acf_changed":false,"_et_pb_use_builder":"on","_et_pb_old_content":"","_et_gb_content_width":"","footnotes":""},"class_list":["post-3749","page","type-page","status-publish","hentry"],"acf":[],"yoast_head":"<!-- This site is optimized with the Yoast SEO Premium plugin v26.7 (Yoast SEO v26.7) - https:\/\/yoast.com\/wordpress\/plugins\/seo\/ -->\r\n<title>Revoca | rubyni\u00ae<\/title>\r\n<meta name=\"description\" content=\"Lei ha il diritto di recedere dal presente contratto entro 14 giorni senza fornire alcuna motivazione. Il periodo di recesso \u00e8 di 14 giorni a partire dal giorno\" \/>\r\n<meta name=\"robots\" content=\"index, follow, max-snippet:-1, max-image-preview:large, max-video-preview:-1\" \/>\r\n<link rel=\"canonical\" href=\"https:\/\/rubyni.com\/it\/revoca\" \/>\r\n<meta property=\"og:locale\" content=\"it_IT\" \/>\r\n<meta property=\"og:type\" content=\"article\" \/>\r\n<meta property=\"og:title\" content=\"Revoca\" \/>\r\n<meta property=\"og:description\" content=\"Lei ha il diritto di recedere dal presente contratto entro 14 giorni senza fornire alcuna motivazione. Il periodo di recesso \u00e8 di 14 giorni a partire dal giorno\" \/>\r\n<meta property=\"og:url\" content=\"https:\/\/rubyni.com\/it\/revoca\" \/>\r\n<meta property=\"og:site_name\" content=\"rubyni\" \/>\r\n<meta property=\"article:modified_time\" content=\"2023-09-25T12:41:15+00:00\" \/>\r\n<meta name=\"twitter:card\" content=\"summary_large_image\" \/>\r\n<meta name=\"twitter:label1\" content=\"Tempo di lettura stimato\" \/>\n\t<meta name=\"twitter:data1\" content=\"4 minuti\" \/>\r\n<script type=\"application\/ld+json\" class=\"yoast-schema-graph\">{\"@context\":\"https:\/\/schema.org\",\"@graph\":[{\"@type\":\"WebPage\",\"@id\":\"https:\/\/rubyni.com\/it\/revoca\",\"url\":\"https:\/\/rubyni.com\/it\/revoca\",\"name\":\"Revoca | rubyni\u00ae\",\"isPartOf\":{\"@id\":\"https:\/\/rubyni.com\/#website\"},\"datePublished\":\"2023-02-20T11:56:03+00:00\",\"dateModified\":\"2023-09-25T12:41:15+00:00\",\"description\":\"Lei ha il diritto di recedere dal presente contratto entro 14 giorni senza fornire alcuna motivazione. Il periodo di recesso \u00e8 di 14 giorni a partire dal giorno\",\"breadcrumb\":{\"@id\":\"https:\/\/rubyni.com\/it\/revoca#breadcrumb\"},\"inLanguage\":\"it-IT\",\"potentialAction\":[{\"@type\":\"ReadAction\",\"target\":[\"https:\/\/rubyni.com\/it\/revoca\"]}]},{\"@type\":\"BreadcrumbList\",\"@id\":\"https:\/\/rubyni.com\/it\/revoca#breadcrumb\",\"itemListElement\":[{\"@type\":\"ListItem\",\"position\":1,\"name\":\"Startseite\",\"item\":\"https:\/\/rubyni.com\/\"},{\"@type\":\"ListItem\",\"position\":2,\"name\":\"Revoca\"}]},{\"@type\":\"WebSite\",\"@id\":\"https:\/\/rubyni.com\/#website\",\"url\":\"https:\/\/rubyni.com\/\",\"name\":\"rubyni\",\"description\":\"\",\"potentialAction\":[{\"@type\":\"SearchAction\",\"target\":{\"@type\":\"EntryPoint\",\"urlTemplate\":\"https:\/\/rubyni.com\/?s={search_term_string}\"},\"query-input\":{\"@type\":\"PropertyValueSpecification\",\"valueRequired\":true,\"valueName\":\"search_term_string\"}}],\"inLanguage\":\"it-IT\"}]}<\/script>\r\n<!-- \/ Yoast SEO Premium plugin. -->","yoast_head_json":{"title":"Revoca | rubyni\u00ae","description":"Lei ha il diritto di recedere dal presente contratto entro 14 giorni senza fornire alcuna motivazione. Il periodo di recesso \u00e8 di 14 giorni a partire dal giorno","robots":{"index":"index","follow":"follow","max-snippet":"max-snippet:-1","max-image-preview":"max-image-preview:large","max-video-preview":"max-video-preview:-1"},"canonical":"https:\/\/rubyni.com\/it\/revoca","og_locale":"it_IT","og_type":"article","og_title":"Revoca","og_description":"Lei ha il diritto di recedere dal presente contratto entro 14 giorni senza fornire alcuna motivazione. Il periodo di recesso \u00e8 di 14 giorni a partire dal giorno","og_url":"https:\/\/rubyni.com\/it\/revoca","og_site_name":"rubyni","article_modified_time":"2023-09-25T12:41:15+00:00","twitter_card":"summary_large_image","twitter_misc":{"Tempo di lettura stimato":"4 minuti"},"schema":{"@context":"https:\/\/schema.org","@graph":[{"@type":"WebPage","@id":"https:\/\/rubyni.com\/it\/revoca","url":"https:\/\/rubyni.com\/it\/revoca","name":"Revoca | rubyni\u00ae","isPartOf":{"@id":"https:\/\/rubyni.com\/#website"},"datePublished":"2023-02-20T11:56:03+00:00","dateModified":"2023-09-25T12:41:15+00:00","description":"Lei ha il diritto di recedere dal presente contratto entro 14 giorni senza fornire alcuna motivazione. Il periodo di recesso \u00e8 di 14 giorni a partire dal giorno","breadcrumb":{"@id":"https:\/\/rubyni.com\/it\/revoca#breadcrumb"},"inLanguage":"it-IT","potentialAction":[{"@type":"ReadAction","target":["https:\/\/rubyni.com\/it\/revoca"]}]},{"@type":"BreadcrumbList","@id":"https:\/\/rubyni.com\/it\/revoca#breadcrumb","itemListElement":[{"@type":"ListItem","position":1,"name":"Startseite","item":"https:\/\/rubyni.com\/"},{"@type":"ListItem","position":2,"name":"Revoca"}]},{"@type":"WebSite","@id":"https:\/\/rubyni.com\/#website","url":"https:\/\/rubyni.com\/","name":"rubyni","description":"","potentialAction":[{"@type":"SearchAction","target":{"@type":"EntryPoint","urlTemplate":"https:\/\/rubyni.com\/?s={search_term_string}"},"query-input":{"@type":"PropertyValueSpecification","valueRequired":true,"valueName":"search_term_string"}}],"inLanguage":"it-IT"}]}},"_links":{"self":[{"href":"https:\/\/rubyni.com\/it\/wp-json\/wp\/v2\/pages\/3749","targetHints":{"allow":["GET"]}}],"collection":[{"href":"https:\/\/rubyni.com\/it\/wp-json\/wp\/v2\/pages"}],"about":[{"href":"https:\/\/rubyni.com\/it\/wp-json\/wp\/v2\/types\/page"}],"author":[{"embeddable":true,"href":"https:\/\/rubyni.com\/it\/wp-json\/wp\/v2\/users\/1"}],"replies":[{"embeddable":true,"href":"https:\/\/rubyni.com\/it\/wp-json\/wp\/v2\/comments?post=3749"}],"version-history":[{"count":2,"href":"https:\/\/rubyni.com\/it\/wp-json\/wp\/v2\/pages\/3749\/revisions"}],"predecessor-version":[{"id":3751,"href":"https:\/\/rubyni.com\/it\/wp-json\/wp\/v2\/pages\/3749\/revisions\/3751"}],"wp:attachment":[{"href":"https:\/\/rubyni.com\/it\/wp-json\/wp\/v2\/media?parent=3749"}],"curies":[{"name":"wp","href":"https:\/\/api.w.org\/{rel}","templated":true}]}}