{"id":5000,"date":"2023-12-18T13:07:03","date_gmt":"2023-12-18T12:07:03","guid":{"rendered":"https:\/\/rubyni.com\/le-nostre-bacche\/lacerola"},"modified":"2025-02-27T11:42:59","modified_gmt":"2025-02-27T10:42:59","slug":"lacerola","status":"publish","type":"page","link":"https:\/\/rubyni.com\/it\/le-nostre-bacche\/lacerola","title":{"rendered":"L&#8217;acerola"},"content":{"rendered":"","protected":true},"excerpt":{"rendered":"","protected":true},"author":1,"featured_media":5100,"parent":3727,"menu_order":0,"comment_status":"closed","ping_status":"closed","template":"","meta":{"_acf_changed":false,"_et_pb_use_builder":"on","_et_pb_old_content":"","_et_gb_content_width":"","footnotes":""},"class_list":["post-5000","page","type-page","status-publish","post-password-required","hentry"],"acf":[],"yoast_head":"<!-- This site is optimized with the Yoast SEO Premium plugin v26.7 (Yoast SEO v26.7) - https:\/\/yoast.com\/wordpress\/plugins\/seo\/ -->\r\n<title>Acerola - alto contenuto di vitamina C<\/title>\r\n<meta name=\"description\" content=\"Se il nostro corpo \u00e8 carente di vitamina C, non \u00e8 solo il sistema immunitario a lavorare in secondo piano. La vitamina C \u00e8 necessaria per molto altro nell&#039;organismo.\" \/>\r\n<meta name=\"robots\" content=\"index, follow, max-snippet:-1, max-image-preview:large, max-video-preview:-1\" \/>\r\n<link rel=\"canonical\" href=\"https:\/\/rubyni.com\/unsere-beeren-und-fruechte\/acerola\" \/>\r\n<meta property=\"og:locale\" content=\"it_IT\" \/>\r\n<meta property=\"og:type\" content=\"article\" \/>\r\n<meta property=\"og:title\" content=\"L&#039;acerola\" \/>\r\n<meta property=\"og:description\" content=\"Se il nostro corpo \u00e8 carente di vitamina C, non \u00e8 solo il sistema immunitario a lavorare in secondo piano. La vitamina C \u00e8 necessaria per molto altro nell&#039;organismo.\" \/>\r\n<meta property=\"og:url\" content=\"https:\/\/rubyni.com\/unsere-beeren-und-fruechte\/acerola\" \/>\r\n<meta property=\"og:site_name\" content=\"rubyni\" \/>\r\n<meta property=\"article:modified_time\" content=\"2025-02-27T10:42:59+00:00\" \/>\r\n<meta name=\"twitter:card\" content=\"summary_large_image\" \/>\r\n<meta name=\"twitter:label1\" content=\"Tempo di lettura stimato\" \/>\n\t<meta name=\"twitter:data1\" content=\"7 minuti\" \/>\r\n<script type=\"application\/ld+json\" class=\"yoast-schema-graph\">{\"@context\":\"https:\/\/schema.org\",\"@graph\":[{\"@type\":\"WebPage\",\"@id\":\"https:\/\/rubyni.com\/unsere-beeren-und-fruechte\/acerola\",\"url\":\"https:\/\/rubyni.com\/unsere-beeren-und-fruechte\/acerola\",\"name\":\"Acerola - alto contenuto di vitamina C\",\"isPartOf\":{\"@id\":\"https:\/\/rubyni.com\/#website\"},\"datePublished\":\"2023-12-18T12:07:03+00:00\",\"dateModified\":\"2025-02-27T10:42:59+00:00\",\"breadcrumb\":{\"@id\":\"https:\/\/rubyni.com\/unsere-beeren-und-fruechte\/acerola#breadcrumb\"},\"inLanguage\":\"it-IT\"},{\"@type\":\"WebSite\",\"@id\":\"https:\/\/rubyni.com\/#website\",\"url\":\"https:\/\/rubyni.com\/\",\"name\":\"rubyni\",\"description\":\"\",\"potentialAction\":[{\"@type\":\"SearchAction\",\"target\":{\"@type\":\"EntryPoint\",\"urlTemplate\":\"https:\/\/rubyni.com\/?s={search_term_string}\"},\"query-input\":{\"@type\":\"PropertyValueSpecification\",\"valueRequired\":true,\"valueName\":\"search_term_string\"}}],\"inLanguage\":\"it-IT\"}]}<\/script>\r\n<!-- \/ Yoast SEO Premium plugin. -->","yoast_head_json":{"title":"Acerola - alto contenuto di vitamina C","description":"Se il nostro corpo \u00e8 carente di vitamina C, non \u00e8 solo il sistema immunitario a lavorare in secondo piano. La vitamina C \u00e8 necessaria per molto altro nell'organismo.","robots":{"index":"index","follow":"follow","max-snippet":"max-snippet:-1","max-image-preview":"max-image-preview:large","max-video-preview":"max-video-preview:-1"},"canonical":"https:\/\/rubyni.com\/unsere-beeren-und-fruechte\/acerola","og_locale":"it_IT","og_type":"article","og_title":"L'acerola","og_description":"Se il nostro corpo \u00e8 carente di vitamina C, non \u00e8 solo il sistema immunitario a lavorare in secondo piano. La vitamina C \u00e8 necessaria per molto altro nell'organismo.","og_url":"https:\/\/rubyni.com\/unsere-beeren-und-fruechte\/acerola","og_site_name":"rubyni","article_modified_time":"2025-02-27T10:42:59+00:00","twitter_card":"summary_large_image","twitter_misc":{"Tempo di lettura stimato":"7 minuti"},"schema":{"@context":"https:\/\/schema.org","@graph":[{"@type":"WebPage","@id":"https:\/\/rubyni.com\/unsere-beeren-und-fruechte\/acerola","url":"https:\/\/rubyni.com\/unsere-beeren-und-fruechte\/acerola","name":"Acerola - alto contenuto di vitamina C","isPartOf":{"@id":"https:\/\/rubyni.com\/#website"},"datePublished":"2023-12-18T12:07:03+00:00","dateModified":"2025-02-27T10:42:59+00:00","breadcrumb":{"@id":"https:\/\/rubyni.com\/unsere-beeren-und-fruechte\/acerola#breadcrumb"},"inLanguage":"it-IT"},{"@type":"WebSite","@id":"https:\/\/rubyni.com\/#website","url":"https:\/\/rubyni.com\/","name":"rubyni","description":"","potentialAction":[{"@type":"SearchAction","target":{"@type":"EntryPoint","urlTemplate":"https:\/\/rubyni.com\/?s={search_term_string}"},"query-input":{"@type":"PropertyValueSpecification","valueRequired":true,"valueName":"search_term_string"}}],"inLanguage":"it-IT"}]}},"_links":{"self":[{"href":"https:\/\/rubyni.com\/it\/wp-json\/wp\/v2\/pages\/5000","targetHints":{"allow":["GET"]}}],"collection":[{"href":"https:\/\/rubyni.com\/it\/wp-json\/wp\/v2\/pages"}],"about":[{"href":"https:\/\/rubyni.com\/it\/wp-json\/wp\/v2\/types\/page"}],"author":[{"embeddable":true,"href":"https:\/\/rubyni.com\/it\/wp-json\/wp\/v2\/users\/1"}],"replies":[{"embeddable":true,"href":"https:\/\/rubyni.com\/it\/wp-json\/wp\/v2\/comments?post=5000"}],"version-history":[{"count":6,"href":"https:\/\/rubyni.com\/it\/wp-json\/wp\/v2\/pages\/5000\/revisions"}],"predecessor-version":[{"id":9659,"href":"https:\/\/rubyni.com\/it\/wp-json\/wp\/v2\/pages\/5000\/revisions\/9659"}],"up":[{"embeddable":true,"href":"https:\/\/rubyni.com\/it\/wp-json\/wp\/v2\/pages\/3727"}],"wp:featuredmedia":[{"embeddable":true,"href":"https:\/\/rubyni.com\/it\/wp-json\/wp\/v2\/media\/5100"}],"wp:attachment":[{"href":"https:\/\/rubyni.com\/it\/wp-json\/wp\/v2\/media?parent=5000"}],"curies":[{"name":"wp","href":"https:\/\/api.w.org\/{rel}","templated":true}]}}