{"id":6839,"date":"2024-04-23T14:40:01","date_gmt":"2024-04-23T12:40:01","guid":{"rendered":"https:\/\/rubyni.com\/integratori-alimentari-naturali-ricavati-da-bacche-e-frutti"},"modified":"2025-09-16T12:39:03","modified_gmt":"2025-09-16T10:39:03","slug":"integratori-alimentari-naturali-dalle-bacche-e-frutti","status":"publish","type":"page","link":"https:\/\/rubyni.com\/it\/integratori-alimentari-naturali-dalle-bacche-e-frutti","title":{"rendered":"Integratori alimentari naturali ricavati da bacche e frutti"},"content":{"rendered":"<p>[et_pb_section fb_built=&#8221;1&#8243; custom_padding_last_edited=&#8221;on|phone&#8221; _builder_version=&#8221;4.21.0&#8243; _module_preset=&#8221;default&#8221; background_enable_image=&#8221;off&#8221; background_video_mp4=&#8221;https:\/\/rubyni.com\/wp-content\/uploads\/2023\/06\/rubyni_film_ueber_uns.mp4&#8243; module_alignment=&#8221;center&#8221; height=&#8221;700px&#8221; height_tablet=&#8221;700px&#8221; height_phone=&#8221;350px&#8221; height_last_edited=&#8221;on|phone&#8221; custom_padding=&#8221;15rem||15rem||false|false&#8221; custom_padding_tablet=&#8221;15rem||15rem||false|false&#8221; custom_padding_phone=&#8221;0rem||0rem||false|false&#8221; global_colors_info=&#8221;{}&#8221;][et_pb_row custom_padding_last_edited=&#8221;on|tablet&#8221; disabled_on=&#8221;on|on|on&#8221; module_class=&#8221;slogan-header&#8221; _builder_version=&#8221;4.21.0&#8243; _module_preset=&#8221;default&#8221; positioning=&#8221;absolute&#8221; position_origin_a=&#8221;bottom_center&#8221; vertical_offset=&#8221;62px&#8221; width=&#8221;53%&#8221; width_tablet=&#8221;100%&#8221; width_phone=&#8221;100%&#8221; width_last_edited=&#8221;on|tablet&#8221; custom_margin=&#8221;||0px||false|false&#8221; custom_padding=&#8221;||0px||false|false&#8221; custom_padding_tablet=&#8221;|1rem|0px|1rem|false|false&#8221; custom_padding_phone=&#8221;|1rem|0px|1rem|false|false&#8221; disabled=&#8221;on&#8221; global_colors_info=&#8221;{}&#8221;][et_pb_column type=&#8221;4_4&#8243; _builder_version=&#8221;4.20.0&#8243; _module_preset=&#8221;default&#8221; global_colors_info=&#8221;{}&#8221;][et_pb_text _builder_version=&#8221;4.20.0&#8243; _module_preset=&#8221;default&#8221; text_font=&#8221;Roboto900|800||on|||||&#8221; text_text_color=&#8221;#FFFFFF&#8221; text_font_size=&#8221;100px&#8221; text_line_height=&#8221;1.3em&#8221; header_font=&#8221;Roboto900|800||on|||||&#8221; header_text_align=&#8221;center&#8221; header_text_color=&#8221;#FFFFFF&#8221; header_font_size=&#8221;100px&#8221; text_orientation=&#8221;center&#8221; module_alignment=&#8221;center&#8221; custom_margin=&#8221;||0px||false|false&#8221; custom_padding=&#8221;||0px||false|false&#8221; header_font_size_tablet=&#8221;5rem&#8221; header_font_size_phone=&#8221;3rem&#8221; header_font_size_last_edited=&#8221;on|phone&#8221; text_text_shadow_style=&#8221;preset2&#8243; global_colors_info=&#8221;{}&#8221;]<\/p>\n<h1>AUS ERFAHRUNG UND <span style=\"color: #e1af33;\">LEIDENSCHAFT<\/span><\/h1>\n<p>[\/et_pb_text][\/et_pb_column][\/et_pb_row][\/et_pb_section][et_pb_section fb_built=&#8221;1&#8243; custom_padding_last_edited=&#8221;on|phone&#8221; _builder_version=&#8221;4.21.0&#8243; _module_preset=&#8221;default&#8221; custom_margin_tablet=&#8221;&#8221; custom_margin_phone=&#8221;&#8221; custom_margin_last_edited=&#8221;on|phone&#8221; custom_padding=&#8221;82px||||false|false&#8221; custom_padding_tablet=&#8221;0px||||false|false&#8221; custom_padding_phone=&#8221;0px||0px||false|false&#8221; global_colors_info=&#8221;{}&#8221;][et_pb_row column_structure=&#8221;2_5,3_5&#8243; custom_padding_last_edited=&#8221;on|tablet&#8221; _builder_version=&#8221;4.20.0&#8243; _module_preset=&#8221;default&#8221; width_tablet=&#8221;100%&#8221; width_phone=&#8221;100%&#8221; width_last_edited=&#8221;on|tablet&#8221; min_height=&#8221;751.6px&#8221; custom_padding_tablet=&#8221;|1rem||1rem|false|false&#8221; custom_padding_phone=&#8221;|1rem||1rem|false|false&#8221; global_colors_info=&#8221;{}&#8221;][et_pb_column type=&#8221;2_5&#8243; _builder_version=&#8221;4.20.0&#8243; _module_preset=&#8221;default&#8221; global_colors_info=&#8221;{}&#8221;][et_pb_image src=&#8221;https:\/\/rubyni.com\/wp-content\/uploads\/2023\/04\/rubyni-geschaeftsfuehrer-rolf-philipp.jpg&#8221; title_text=&#8221;Geschaeftsfuehrer-Rolf-Philipp&#8221; force_fullwidth=&#8221;on&#8221; _builder_version=&#8221;4.21.0&#8243; _module_preset=&#8221;default&#8221; global_colors_info=&#8221;{}&#8221;][\/et_pb_image][\/et_pb_column][et_pb_column type=&#8221;3_5&#8243; _builder_version=&#8221;4.20.0&#8243; _module_preset=&#8221;default&#8221; global_colors_info=&#8221;{}&#8221;][et_pb_text _builder_version=&#8221;4.21.0&#8243; _module_preset=&#8221;default&#8221; global_colors_info=&#8221;{}&#8221;]<\/p>\n<h1>rubyni<span class=\"s1\"><sup>\u00ae\u00a0<\/sup><\/span>integratori alimentari naturali<\/h1>\n<h2>La pura forza della natura<\/h2>\n<p class=\"p1\">\n<p class=\"p1\">Permette che mi presenti. Mi chiamo Rolf Philipp e come parte della famiglia Philipp, sono orgoglioso di aver fondato, nel 2021, BerryPharma, l&#8217;azienda che ha dato vita a rubyni<sup>\u00ae. <\/sup>Anche se i nostri integratori alimentari naturali hanno fatto il loro ingresso sul mercato solo da pochi anni, la frutta e le bacche sono da sempre parte della nostra vita. I Philipp li lavoriamo con i pi\u00f9 alti standard da 100 anni. E da oltre 40 anni produciamo l&#8217;esclusivo estratto di sambuco nero ElderCraft<sup>\u00ae<\/sup>, la base del nostro prodotto di punta: rubyni<sup>\u00ae <\/sup>sambuco nero.<\/p>\n<p>Sono cresciuto apprezzando la natura, le sue materie prime e soprattutto la forza unica contenuta nelle piccole bacche scure. Renderla accessibile nel modo pi\u00f9 semplice possibile mi sta a cuore. \u00c8 cos\u00ec che \u00e8 nato rubyni<sup>\u00ae<\/sup>.<\/p>\n<p class=\"p1\">Tutto il team s&#8217;impegna ogni giorno con passione e dedizione per dare un contributo positivo alla vostra alimentazione quotidiana con prodotti di alta qualit\u00e0.<\/p>\n<p>Le virt\u00f9 naturali di bacche e frutta. Concentrate per voi.<\/p>\n<p><strong>PERCH\u00c9 CI STATE A CUORE.<\/strong><\/p>\n<p>&nbsp;<\/p>\n<p>&nbsp;<\/p>\n<p>[\/et_pb_text][\/et_pb_column][\/et_pb_row][\/et_pb_section][et_pb_section fb_built=&#8221;1&#8243; custom_padding_last_edited=&#8221;on|phone&#8221; disabled_on=&#8221;off|off|off&#8221; _builder_version=&#8221;4.21.0&#8243; _module_preset=&#8221;default&#8221; background_color=&#8221;#f8f8f8&#8243; custom_padding_tablet=&#8221;&#8221; custom_padding_phone=&#8221;0px||0px||false|false&#8221; global_colors_info=&#8221;{}&#8221;][et_pb_row column_structure=&#8221;3_5,2_5&#8243; custom_padding_last_edited=&#8221;on|tablet&#8221; _builder_version=&#8221;4.21.0&#8243; _module_preset=&#8221;default&#8221; width_tablet=&#8221;100%&#8221; width_phone=&#8221;100%&#8221; width_last_edited=&#8221;on|tablet&#8221; custom_margin_tablet=&#8221;&#8221; custom_margin_phone=&#8221;||0px||false|false&#8221; custom_margin_last_edited=&#8221;on|phone&#8221; custom_padding_tablet=&#8221;|1rem||1rem|false|false&#8221; custom_padding_phone=&#8221;|1rem||1rem|false|false&#8221; global_colors_info=&#8221;{}&#8221;][et_pb_column type=&#8221;3_5&#8243; _builder_version=&#8221;4.20.0&#8243; _module_preset=&#8221;default&#8221; global_colors_info=&#8221;{}&#8221;][et_pb_text _builder_version=&#8221;4.27.4&#8243; _module_preset=&#8221;default&#8221; header_2_font=&#8221;Roboto|500|||||||&#8221; header_2_font_size=&#8221;50px&#8221; header_2_line_height=&#8221;1.2em&#8221; header_3_font=&#8221;&#8211;et_global_body_font|300|||||||&#8221; header_3_font_size=&#8221;24px&#8221; width=&#8221;100%&#8221; width_tablet=&#8221;100%&#8221; width_phone=&#8221;100%&#8221; width_last_edited=&#8221;on|desktop&#8221; global_colors_info=&#8221;{}&#8221;]<\/p>\n<h2>Per il vostro benessere e il vostro corpo<\/h2>\n<h3>Per convinzione, solo il meglio<\/h3>\n<p>Il nostro obiettivo \u00e8 supportare le persone nella loro vita quotidiana con l&#8217;aiuto delle sostanze bioattive delle bacche scure, contribuendo a un&#8217;alimentazione varia ed equilibrata per uno stile di vita sano e maggiore benessere. Crediamo fermamente che la forza della natura sia ineguagliabile e vogliamo offrirvi prodotti autentici e non soffisticati.<\/p>\n<p>Puntiamo coerentemente su prodotti di prima qualit\u00e0 e su ingredienti naturali che in termini di purezza non hanno nulla da invidiare alla natura stessa. Questi ingredienti di provata efficacia sono utilizzati nella medicina popolare da secoli. Selezioniamo con cura le bacche e i frutti e attribuiamo grande importanza alla scelta delle regioni di coltivazione, degli agricoltori e dei fornitori, che devono soddisfare i nostri rigorosi standard di qualit\u00e0.<\/p>\n<p>Per i nostri integratori alimentari naturali utilizziamo solo ingredienti di altissima qualit\u00e0: il meglio che la natura possa offrire. Grazie alla nostra esclusiva tecnologia di filtraggio dei polifenoli, sviluppata nella nostra famiglia, siamo in grado di preservare la composizione originale della rispettiva matrice di frutta nei nostri estratti di bacche e frutti. In questo modo, in ogni capsula dei nostri prodotti troverete la forza della natura, senza alcuna sofisticazione. Collaboriamo inoltre con rinomati esperti nel campo della medicina nutrizionale per sviluppare ricette uniche con sostanze naturali di alta qualit\u00e0 per i nostri preparati combinati. Composti per un maggiore benessere.<\/p>\n<p>&nbsp;<\/p>\n<p>[\/et_pb_text][\/et_pb_column][et_pb_column type=&#8221;2_5&#8243; disabled_on=&#8221;on|on|off&#8221; _builder_version=&#8221;4.21.0&#8243; _module_preset=&#8221;default&#8221; global_colors_info=&#8221;{}&#8221;][et_pb_image src=&#8221;https:\/\/rubyni.com\/wp-content\/uploads\/2024\/04\/Natuerliche-Nahrungsergaenzungsmittel-unsere-Landwirte.png&#8221; title_text=&#8221;Natu\u0308rliche Nahrungserga\u0308nzungsmittel- unsere Landwirte&#8221; force_fullwidth=&#8221;on&#8221; disabled_on=&#8221;off|off|off&#8221; _builder_version=&#8221;4.25.0&#8243; _module_preset=&#8221;default&#8221; global_colors_info=&#8221;{}&#8221;][\/et_pb_image][\/et_pb_column][\/et_pb_row][\/et_pb_section][et_pb_section fb_built=&#8221;1&#8243; _builder_version=&#8221;4.25.0&#8243; _module_preset=&#8221;default&#8221; background_color=&#8221;RGBA(255,255,255,0)&#8221; background_enable_image=&#8221;off&#8221; width=&#8221;100%&#8221; max_width=&#8221;100%&#8221; custom_padding=&#8221;1px||2px|||&#8221; locked=&#8221;off&#8221; global_colors_info=&#8221;{}&#8221;][et_pb_row _builder_version=&#8221;4.21.0&#8243; _module_preset=&#8221;default&#8221; width=&#8221;100%&#8221; max_width=&#8221;2560px&#8221; min_height=&#8221;1642.6px&#8221; global_colors_info=&#8221;{}&#8221;][et_pb_column type=&#8221;4_4&#8243; _builder_version=&#8221;4.20.0&#8243; _module_preset=&#8221;default&#8221; global_colors_info=&#8221;{}&#8221;][et_pb_image src=&#8221;https:\/\/rubyni.com\/wp-content\/uploads\/2025\/09\/20250915_rub_armada_bild_1.webp&#8221; title_text=&#8221;20250915_rub_armada_bild_1&#8243; align=&#8221;center&#8221; _builder_version=&#8221;4.27.4&#8243; _module_preset=&#8221;default&#8221; width=&#8221;60%&#8221; width_tablet=&#8221;60%&#8221; width_phone=&#8221;100vw&#8221; width_last_edited=&#8221;on|phone&#8221; module_alignment=&#8221;center&#8221; custom_margin=&#8221;||0px||false|false&#8221; hover_enabled=&#8221;0&#8243; global_colors_info=&#8221;{}&#8221; sticky_enabled=&#8221;0&#8243;][\/et_pb_image][et_pb_button button_url=&#8221;https:\/\/rubyni.com\/it#prodotti&#8221; button_text=&#8221;Al negozio&#8221; button_alignment=&#8221;center&#8221; button_alignment_tablet=&#8221;center&#8221; button_alignment_phone=&#8221;center&#8221; button_alignment_last_edited=&#8221;on|phone&#8221; _builder_version=&#8221;4.27.4&#8243; _module_preset=&#8221;default&#8221; global_colors_info=&#8221;{}&#8221;][\/et_pb_button][et_pb_text module_class=&#8221;h2-gross&#8221; _builder_version=&#8221;4.27.4&#8243; _module_preset=&#8221;default&#8221; header_2_font=&#8221;Roboto|500|||||||&#8221; text_orientation=&#8221;center&#8221; width=&#8221;60%&#8221; width_tablet=&#8221;100%&#8221; width_phone=&#8221;100%&#8221; width_last_edited=&#8221;on|tablet&#8221; module_alignment=&#8221;center&#8221; min_height=&#8221;668.8px&#8221; custom_margin=&#8221;2rem||2rem||false|false&#8221; custom_padding=&#8221;|1rem|0px|1rem|false|false&#8221; text_orientation_tablet=&#8221;left&#8221; text_orientation_phone=&#8221;left&#8221; text_orientation_last_edited=&#8221;on|tablet&#8221; global_colors_info=&#8221;{}&#8221;]<\/p>\n<h2 style=\"text-align: left;\">Potete contarci!<\/h2>\n<h3 style=\"text-align: left;\">Potete contarci!<\/h3>\n<p style=\"text-align: left;\"><strong>Equosolidali<\/strong><br \/>Senza i nostri coltivatori la nostra attivit\u00e0 \u00e8 impossibile. Il loro lavoro quotidiano \u00e8 la base. \u00c8 per questo che da anni lavoriamo in partnership con loro, con fiducia, affidabilit\u00e0 e con la stessa concezione di qualit\u00e0.<\/p>\n<p style=\"text-align: left;\"><strong>Sostenibili<\/strong><br \/>Tutti i nostri prodotti sono vegani e contengono solo materie prime coltivate in modo sostenibile. Sono confezionati in vetro e carta di alta qualit\u00e0. Questo protegge il prezioso contenuto e Madre Natura.<\/p>\n<p style=\"text-align: left;\"><strong>Scientificamente testati<\/strong><br \/>Gliinsegnamenti della medicina naturale non possono essere del tutto errati, visto che sono validi da secoli. Oggi la scienza ha confermato molte delle ipotesi degli antichi esperti. Per i nostri prodotti utilizziamo solo ingredienti di alta qualit\u00e0, la cui efficacia \u00e8 stata dimostrata da studi.<\/p>\n<p style=\"text-align: left;\"><strong>Prodotti con passione<\/strong><br \/>La nostra motivazione quotidiana \u00e8 quella di contribuire al vostro benessere. In ognuno dei nostri integratori alimentari naturali investiamo la nostra esperienza, il nostro cuore e la nostra passione. Ecco perch\u00e9 crediamo al 100% in ci\u00f2 che facciamo.<\/p>\n<p>&nbsp;<\/p>\n<p>[\/et_pb_text][\/et_pb_column][\/et_pb_row][\/et_pb_section]<\/p>\n","protected":false},"excerpt":{"rendered":"<p>AUS ERFAHRUNG UND LEIDENSCHAFTrubyni\u00ae\u00a0integratori alimentari naturali La pura forza della natura Permette che mi presenti. Mi chiamo Rolf Philipp e come parte della famiglia Philipp, sono orgoglioso di aver fondato, nel 2021, BerryPharma, l&#8217;azienda che ha dato vita a rubyni\u00ae. Anche se i nostri integratori alimentari naturali hanno fatto il loro ingresso sul mercato solo [&hellip;]<\/p>\n","protected":false},"author":1,"featured_media":0,"parent":0,"menu_order":0,"comment_status":"closed","ping_status":"closed","template":"","meta":{"_acf_changed":false,"_et_pb_use_builder":"on","_et_pb_old_content":"","_et_gb_content_width":"","footnotes":""},"class_list":["post-6839","page","type-page","status-publish","hentry"],"acf":[],"yoast_head":"<!-- This site is optimized with the Yoast SEO Premium plugin v26.7 (Yoast SEO v26.7) - https:\/\/yoast.com\/wordpress\/plugins\/seo\/ -->\r\n<title>Integratori alimentari naturali ricavati da bacche e frutti<\/title>\r\n<meta name=\"description\" content=\"I nostri integratori alimentari naturali per il vostro benessere, il sistema immunitario, gli occhi, il cervello, il sistema cardiovascolare, vitamina C su base naturale\" \/>\r\n<meta name=\"robots\" content=\"index, follow, max-snippet:-1, max-image-preview:large, max-video-preview:-1\" \/>\r\n<link rel=\"canonical\" href=\"https:\/\/rubyni.com\/it\/integratori-alimentari-naturali-dalle-bacche-e-frutti\" \/>\r\n<meta property=\"og:locale\" content=\"it_IT\" \/>\r\n<meta property=\"og:type\" content=\"article\" \/>\r\n<meta property=\"og:title\" content=\"Integratori alimentari naturali ricavati da bacche e frutti\" \/>\r\n<meta property=\"og:description\" content=\"I nostri integratori alimentari naturali per il vostro benessere, il sistema immunitario, gli occhi, il cervello, il sistema cardiovascolare, vitamina C su base naturale\" \/>\r\n<meta property=\"og:url\" content=\"https:\/\/rubyni.com\/it\/integratori-alimentari-naturali-dalle-bacche-e-frutti\" \/>\r\n<meta property=\"og:site_name\" content=\"rubyni\" \/>\r\n<meta property=\"article:modified_time\" content=\"2025-09-16T10:39:03+00:00\" \/>\r\n<meta name=\"twitter:card\" content=\"summary_large_image\" \/>\r\n<meta name=\"twitter:label1\" content=\"Tempo di lettura stimato\" \/>\n\t<meta name=\"twitter:data1\" content=\"4 minuti\" \/>\r\n<script type=\"application\/ld+json\" class=\"yoast-schema-graph\">{\"@context\":\"https:\/\/schema.org\",\"@graph\":[{\"@type\":\"WebPage\",\"@id\":\"https:\/\/rubyni.com\/it\/integratori-alimentari-naturali-dalle-bacche-e-frutti\",\"url\":\"https:\/\/rubyni.com\/it\/integratori-alimentari-naturali-dalle-bacche-e-frutti\",\"name\":\"Integratori alimentari naturali ricavati da bacche e frutti\",\"isPartOf\":{\"@id\":\"https:\/\/rubyni.com\/#website\"},\"datePublished\":\"2024-04-23T12:40:01+00:00\",\"dateModified\":\"2025-09-16T10:39:03+00:00\",\"description\":\"I nostri integratori alimentari naturali per il vostro benessere, il sistema immunitario, gli occhi, il cervello, il sistema cardiovascolare, vitamina C su base naturale\",\"breadcrumb\":{\"@id\":\"https:\/\/rubyni.com\/it\/integratori-alimentari-naturali-dalle-bacche-e-frutti#breadcrumb\"},\"inLanguage\":\"it-IT\",\"potentialAction\":[{\"@type\":\"ReadAction\",\"target\":[\"https:\/\/rubyni.com\/it\/integratori-alimentari-naturali-dalle-bacche-e-frutti\"]}]},{\"@type\":\"BreadcrumbList\",\"@id\":\"https:\/\/rubyni.com\/it\/integratori-alimentari-naturali-dalle-bacche-e-frutti#breadcrumb\",\"itemListElement\":[{\"@type\":\"ListItem\",\"position\":1,\"name\":\"Startseite\",\"item\":\"https:\/\/rubyni.com\/\"},{\"@type\":\"ListItem\",\"position\":2,\"name\":\"Integratori alimentari naturali ricavati da bacche e frutti\"}]},{\"@type\":\"WebSite\",\"@id\":\"https:\/\/rubyni.com\/#website\",\"url\":\"https:\/\/rubyni.com\/\",\"name\":\"rubyni\",\"description\":\"\",\"potentialAction\":[{\"@type\":\"SearchAction\",\"target\":{\"@type\":\"EntryPoint\",\"urlTemplate\":\"https:\/\/rubyni.com\/?s={search_term_string}\"},\"query-input\":{\"@type\":\"PropertyValueSpecification\",\"valueRequired\":true,\"valueName\":\"search_term_string\"}}],\"inLanguage\":\"it-IT\"}]}<\/script>\r\n<!-- \/ Yoast SEO Premium plugin. -->","yoast_head_json":{"title":"Integratori alimentari naturali ricavati da bacche e frutti","description":"I nostri integratori alimentari naturali per il vostro benessere, il sistema immunitario, gli occhi, il cervello, il sistema cardiovascolare, vitamina C su base naturale","robots":{"index":"index","follow":"follow","max-snippet":"max-snippet:-1","max-image-preview":"max-image-preview:large","max-video-preview":"max-video-preview:-1"},"canonical":"https:\/\/rubyni.com\/it\/integratori-alimentari-naturali-dalle-bacche-e-frutti","og_locale":"it_IT","og_type":"article","og_title":"Integratori alimentari naturali ricavati da bacche e frutti","og_description":"I nostri integratori alimentari naturali per il vostro benessere, il sistema immunitario, gli occhi, il cervello, il sistema cardiovascolare, vitamina C su base naturale","og_url":"https:\/\/rubyni.com\/it\/integratori-alimentari-naturali-dalle-bacche-e-frutti","og_site_name":"rubyni","article_modified_time":"2025-09-16T10:39:03+00:00","twitter_card":"summary_large_image","twitter_misc":{"Tempo di lettura stimato":"4 minuti"},"schema":{"@context":"https:\/\/schema.org","@graph":[{"@type":"WebPage","@id":"https:\/\/rubyni.com\/it\/integratori-alimentari-naturali-dalle-bacche-e-frutti","url":"https:\/\/rubyni.com\/it\/integratori-alimentari-naturali-dalle-bacche-e-frutti","name":"Integratori alimentari naturali ricavati da bacche e frutti","isPartOf":{"@id":"https:\/\/rubyni.com\/#website"},"datePublished":"2024-04-23T12:40:01+00:00","dateModified":"2025-09-16T10:39:03+00:00","description":"I nostri integratori alimentari naturali per il vostro benessere, il sistema immunitario, gli occhi, il cervello, il sistema cardiovascolare, vitamina C su base naturale","breadcrumb":{"@id":"https:\/\/rubyni.com\/it\/integratori-alimentari-naturali-dalle-bacche-e-frutti#breadcrumb"},"inLanguage":"it-IT","potentialAction":[{"@type":"ReadAction","target":["https:\/\/rubyni.com\/it\/integratori-alimentari-naturali-dalle-bacche-e-frutti"]}]},{"@type":"BreadcrumbList","@id":"https:\/\/rubyni.com\/it\/integratori-alimentari-naturali-dalle-bacche-e-frutti#breadcrumb","itemListElement":[{"@type":"ListItem","position":1,"name":"Startseite","item":"https:\/\/rubyni.com\/"},{"@type":"ListItem","position":2,"name":"Integratori alimentari naturali ricavati da bacche e frutti"}]},{"@type":"WebSite","@id":"https:\/\/rubyni.com\/#website","url":"https:\/\/rubyni.com\/","name":"rubyni","description":"","potentialAction":[{"@type":"SearchAction","target":{"@type":"EntryPoint","urlTemplate":"https:\/\/rubyni.com\/?s={search_term_string}"},"query-input":{"@type":"PropertyValueSpecification","valueRequired":true,"valueName":"search_term_string"}}],"inLanguage":"it-IT"}]}},"_links":{"self":[{"href":"https:\/\/rubyni.com\/it\/wp-json\/wp\/v2\/pages\/6839","targetHints":{"allow":["GET"]}}],"collection":[{"href":"https:\/\/rubyni.com\/it\/wp-json\/wp\/v2\/pages"}],"about":[{"href":"https:\/\/rubyni.com\/it\/wp-json\/wp\/v2\/types\/page"}],"author":[{"embeddable":true,"href":"https:\/\/rubyni.com\/it\/wp-json\/wp\/v2\/users\/1"}],"replies":[{"embeddable":true,"href":"https:\/\/rubyni.com\/it\/wp-json\/wp\/v2\/comments?post=6839"}],"version-history":[{"count":10,"href":"https:\/\/rubyni.com\/it\/wp-json\/wp\/v2\/pages\/6839\/revisions"}],"predecessor-version":[{"id":13685,"href":"https:\/\/rubyni.com\/it\/wp-json\/wp\/v2\/pages\/6839\/revisions\/13685"}],"wp:attachment":[{"href":"https:\/\/rubyni.com\/it\/wp-json\/wp\/v2\/media?parent=6839"}],"curies":[{"name":"wp","href":"https:\/\/api.w.org\/{rel}","templated":true}]}}